{"id":3245,"date":"2023-12-13T13:18:22","date_gmt":"2023-12-13T12:18:22","guid":{"rendered":"https:\/\/sportyheaven.pl\/produkty\/sanki-do-treningu-silowego-model-ii\/"},"modified":"2025-04-29T08:23:43","modified_gmt":"2025-04-29T06:23:43","slug":"sanki-do-treningu-silowego-model-ii","status":"publish","type":"product","link":"http:\/\/sportyheaven.pl\/en\/sklep\/sanki-do-treningu-silowego-model-ii\/","title":{"rendered":"Sanki do treningu si\u0142owego model II"},"content":{"rendered":"<p><span style=\"font-family: 'Open Sans', sans-serif; font-size: 10pt;\">\u2705\u00a0Zawiera 3 wytrzyma\u0142e worki na ci\u0119\u017cary, kt\u00f3re mo\u017cna wype\u0142ni\u0107 piaskiem o masie do 5 kg (\u0142\u0105cznie 15 kg)<\/span><br \/><span style=\"font-family: 'Open Sans', sans-serif; font-size: 10pt;\">\u2705 Nie\u00a0niszczy pod\u0142o\u017ca- trawy lub drewna<\/span><br \/><span style=\"font-family: 'Open Sans', sans-serif; font-size: 10pt;\">\u2705 Regulowana d\u0142ugo\u015b\u0107 pasa biodrowego<\/span><\/p>\n","protected":false},"excerpt":{"rendered":"<p>YAKIMASPORT<br \/>\nEAN: 5903796710656<\/p>\n","protected":false},"featured_media":3243,"template":"","meta":{"_acf_changed":false},"marka":[145],"product_cat":[325,324,367],"product_tag":[],"class_list":{"0":"post-3245","1":"product","2":"type-product","3":"status-publish","4":"has-post-thumbnail","6":"marka-yakimasport","7":"product_cat-fitness-accessories","8":"product_cat-gym-fitness","9":"product_cat-yakimasport-en","11":"first","12":"instock","13":"taxable","14":"shipping-taxable","15":"purchasable","16":"product-type-simple"},"acf":{"informacje_o_zakupach":"Bezpieczne zakupy, 12 miesi\u0119czna gwarancja!","informacje_o_dostawie_ys":"Szybka realizacja zam\u00f3wienia i dostawa","informacje_o_zwrocie":"14-dniowa mo\u017cliwo\u015b\u0107 zwrotu!"},"_links":{"self":[{"href":"http:\/\/sportyheaven.pl\/en\/wp-json\/wp\/v2\/product\/3245","targetHints":{"allow":["GET"]}}],"collection":[{"href":"http:\/\/sportyheaven.pl\/en\/wp-json\/wp\/v2\/product"}],"about":[{"href":"http:\/\/sportyheaven.pl\/en\/wp-json\/wp\/v2\/types\/product"}],"version-history":[{"count":2,"href":"http:\/\/sportyheaven.pl\/en\/wp-json\/wp\/v2\/product\/3245\/revisions"}],"predecessor-version":[{"id":5805,"href":"http:\/\/sportyheaven.pl\/en\/wp-json\/wp\/v2\/product\/3245\/revisions\/5805"}],"wp:featuredmedia":[{"embeddable":true,"href":"http:\/\/sportyheaven.pl\/en\/wp-json\/wp\/v2\/media\/3243"}],"wp:attachment":[{"href":"http:\/\/sportyheaven.pl\/en\/wp-json\/wp\/v2\/media?parent=3245"}],"wp:term":[{"taxonomy":"marka","embeddable":true,"href":"http:\/\/sportyheaven.pl\/en\/wp-json\/wp\/v2\/marka?post=3245"},{"taxonomy":"product_cat","embeddable":true,"href":"http:\/\/sportyheaven.pl\/en\/wp-json\/wp\/v2\/product_cat?post=3245"},{"taxonomy":"product_tag","embeddable":true,"href":"http:\/\/sportyheaven.pl\/en\/wp-json\/wp\/v2\/product_tag?post=3245"}],"curies":[{"name":"wp","href":"https:\/\/api.w.org\/{rel}","templated":true}]}}