{"id":3239,"date":"2023-12-13T13:18:20","date_gmt":"2023-12-13T12:18:20","guid":{"rendered":"https:\/\/sportyheaven.pl\/produkty\/floss-band-tasma-guma-1mm-czerwona\/"},"modified":"2024-08-29T09:52:50","modified_gmt":"2024-08-29T07:52:50","slug":"floss-band-tasma-guma-1mm-czerwona","status":"publish","type":"product","link":"http:\/\/sportyheaven.pl\/en\/sklep\/floss-band-tasma-guma-1mm-czerwona\/","title":{"rendered":"FLOSS BAND &#8211; Ta\u015bma guma 1mm CZERWONA"},"content":{"rendered":"<p><span style=\"font-size:12pt;\"><strong>Floss Band czerwona<\/strong><\/p>\n<p>Floss Band stosuje si\u0119 do regeneracji, wspomagania mi\u0119\u015bni i staw\u00f3w oraz powi\u0119zi. Polega na ciasnym obwi\u0105zaniu ta\u015bm\u0105 miejsca, w kt\u00f3rym wyst\u0119puje b\u00f3l lub przewlek\u0142e napi\u0119cie oraz wykonywaniu odpowiednich ruch\u00f3w. Zalecana w przypadku urazu staw\u00f3w, b\u00f3lu czy w przewlek\u0142ych napi\u0119ciach. <br \/>Najcz\u0119\u015bciej si\u0119gaj\u0105 po nasz produkt Floss Band osoby aktywne fizycznie ale te\u017c po zabiegach czy kontuzjach. <\/p>\n<p>W naszej ofercie posiadamy dwa rodzaje ta\u015bm o wi\u0119kszym i mniejszym oporze oraz grubo\u015bci. Nale\u017cy je dobiera\u0107 indywidualnie do ka\u017cdej osoby czy przeznaczenia.<\/p>\n<p><strong>Charakterystyka:<\/strong><\/p>\n<p>&#8211; Wymiary: 216cm x 5,1 cm x 1 mm<br \/><\/span><span style=\"font-size:12pt;\">&#8211; Op\u00f3r ok.7,5-17,5kg<br \/>&#8211; W sprzeda\u017cy r\u00f3wnie\u017c guma o wi\u0119kszym oporze (niebieska).<\/p>\n<p>Kod produktu:\u00a0100287 <\/span><\/p>\n","protected":false},"excerpt":{"rendered":"<p>YAKIMASPORT<br \/>\nEAN: 5906718236609<\/p>\n","protected":false},"featured_media":3237,"template":"","meta":{"_acf_changed":false},"marka":[145],"product_cat":[130,72,131,61,123],"product_tag":[],"class_list":{"0":"post-3239","1":"product","2":"type-product","3":"status-publish","4":"has-post-thumbnail","6":"marka-yakimasport","7":"product_cat-akcesoria-dla-szkol","8":"product_cat-akcesoria-fitness","9":"product_cat-pozostale-akcesoria-dla-szkol","10":"product_cat-silownia-fitness","11":"product_cat-yakimasport","13":"first","14":"instock","15":"taxable","16":"shipping-taxable","17":"purchasable","18":"product-type-simple"},"acf":{"informacje_o_zakupach":"Bezpieczne zakupy, 12 miesi\u0119czna gwarancja!","informacje_o_dostawie_ys":"Szybka realizacja zam\u00f3wienia i dostawa","informacje_o_zwrocie":"14-dniowa mo\u017cliwo\u015b\u0107 zwrotu!"},"_links":{"self":[{"href":"http:\/\/sportyheaven.pl\/en\/wp-json\/wp\/v2\/product\/3239","targetHints":{"allow":["GET"]}}],"collection":[{"href":"http:\/\/sportyheaven.pl\/en\/wp-json\/wp\/v2\/product"}],"about":[{"href":"http:\/\/sportyheaven.pl\/en\/wp-json\/wp\/v2\/types\/product"}],"version-history":[{"count":0,"href":"http:\/\/sportyheaven.pl\/en\/wp-json\/wp\/v2\/product\/3239\/revisions"}],"wp:featuredmedia":[{"embeddable":true,"href":"http:\/\/sportyheaven.pl\/en\/wp-json\/wp\/v2\/media\/3237"}],"wp:attachment":[{"href":"http:\/\/sportyheaven.pl\/en\/wp-json\/wp\/v2\/media?parent=3239"}],"wp:term":[{"taxonomy":"marka","embeddable":true,"href":"http:\/\/sportyheaven.pl\/en\/wp-json\/wp\/v2\/marka?post=3239"},{"taxonomy":"product_cat","embeddable":true,"href":"http:\/\/sportyheaven.pl\/en\/wp-json\/wp\/v2\/product_cat?post=3239"},{"taxonomy":"product_tag","embeddable":true,"href":"http:\/\/sportyheaven.pl\/en\/wp-json\/wp\/v2\/product_tag?post=3239"}],"curies":[{"name":"wp","href":"https:\/\/api.w.org\/{rel}","templated":true}]}}