{"id":3221,"date":"2023-12-13T13:18:12","date_gmt":"2023-12-13T12:18:12","guid":{"rendered":"https:\/\/sportyheaven.pl\/produkty\/guma-fitness-zestaw-20-gum-zolte-maly-opor\/"},"modified":"2025-04-29T08:08:59","modified_gmt":"2025-04-29T06:08:59","slug":"guma-fitness-zestaw-20-gum-zolte-maly-opor","status":"publish","type":"product","link":"http:\/\/sportyheaven.pl\/en\/sklep\/guma-fitness-zestaw-20-gum-zolte-maly-opor\/","title":{"rendered":"Guma fitness &#8211; zestaw 20 gum \u017b\u00d3\u0141TE &#8211; ma\u0142y op\u00f3r"},"content":{"rendered":"<p><span style=\"font-size: 10pt; font-family: 'Open Sans', sans-serif;\">\u2705 W sk\u0142ad zestawu wchodzi 20 gum. Idealne dla szk\u00f3\u0142ek i klub\u00f3w pi\u0142karskich<\/span><br \/><span style=\"font-size: 10pt; font-family: 'Open Sans', sans-serif;\">\u2705 Kolor \u017c\u00f3\u0142ty- op\u00f3r\u00a0ma\u0142y<\/span><\/p>\n","protected":false},"excerpt":{"rendered":"<p>YAKIMASPORT<br \/>\nEAN: 5903137554710<\/p>\n","protected":false},"featured_media":3219,"template":"","meta":{"_acf_changed":false},"marka":[145],"product_cat":[233,325,235,324,367],"product_tag":[],"class_list":{"0":"post-3221","1":"product","2":"type-product","3":"status-publish","4":"has-post-thumbnail","6":"marka-yakimasport","7":"product_cat-school-accessories","8":"product_cat-fitness-accessories","9":"product_cat-other-school-accessories","10":"product_cat-gym-fitness","11":"product_cat-yakimasport-en","13":"first","14":"instock","15":"taxable","16":"shipping-taxable","17":"purchasable","18":"product-type-simple"},"acf":{"informacje_o_zakupach":"Bezpieczne zakupy, 12 miesi\u0119czna gwarancja!","informacje_o_dostawie_ys":"Szybka realizacja zam\u00f3wienia i dostawa","informacje_o_zwrocie":"14-dniowa mo\u017cliwo\u015b\u0107 zwrotu!"},"_links":{"self":[{"href":"http:\/\/sportyheaven.pl\/en\/wp-json\/wp\/v2\/product\/3221","targetHints":{"allow":["GET"]}}],"collection":[{"href":"http:\/\/sportyheaven.pl\/en\/wp-json\/wp\/v2\/product"}],"about":[{"href":"http:\/\/sportyheaven.pl\/en\/wp-json\/wp\/v2\/types\/product"}],"version-history":[{"count":2,"href":"http:\/\/sportyheaven.pl\/en\/wp-json\/wp\/v2\/product\/3221\/revisions"}],"predecessor-version":[{"id":5828,"href":"http:\/\/sportyheaven.pl\/en\/wp-json\/wp\/v2\/product\/3221\/revisions\/5828"}],"wp:featuredmedia":[{"embeddable":true,"href":"http:\/\/sportyheaven.pl\/en\/wp-json\/wp\/v2\/media\/3219"}],"wp:attachment":[{"href":"http:\/\/sportyheaven.pl\/en\/wp-json\/wp\/v2\/media?parent=3221"}],"wp:term":[{"taxonomy":"marka","embeddable":true,"href":"http:\/\/sportyheaven.pl\/en\/wp-json\/wp\/v2\/marka?post=3221"},{"taxonomy":"product_cat","embeddable":true,"href":"http:\/\/sportyheaven.pl\/en\/wp-json\/wp\/v2\/product_cat?post=3221"},{"taxonomy":"product_tag","embeddable":true,"href":"http:\/\/sportyheaven.pl\/en\/wp-json\/wp\/v2\/product_tag?post=3221"}],"curies":[{"name":"wp","href":"https:\/\/api.w.org\/{rel}","templated":true}]}}