{"id":3218,"date":"2023-12-13T13:18:09","date_gmt":"2023-12-13T12:18:09","guid":{"rendered":"https:\/\/sportyheaven.pl\/produkty\/guma-fitness-zestaw-3-gum\/"},"modified":"2025-04-29T08:08:58","modified_gmt":"2025-04-29T06:08:58","slug":"guma-fitness-zestaw-3-gum","status":"publish","type":"product","link":"http:\/\/sportyheaven.pl\/en\/sklep\/guma-fitness-zestaw-3-gum\/","title":{"rendered":"Guma fitness &#8211; zestaw 3 gum"},"content":{"rendered":"<p><span style=\"font-family: 'Open Sans', sans-serif; font-size: 10pt;\">\u2705 Gumy do \u0107wicze\u0144 MINI POWER BAND s\u0105\u00a0<strong>wykonane z najlepszej jako\u015bci lateksu<\/strong>.<\/span><br \/><span style=\"font-family: 'Open Sans', sans-serif; font-size: 10pt;\">\u2705 Modele maj\u0105\u00a0<strong>zwi\u0119kszon\u0105 odporno\u015b\u0107 na rozci\u0105ganie i s\u0105 spr\u0119\u017cyste<\/strong>. Zapewniaj\u0105 bardzo doby op\u00f3r podczas \u0107wicze\u0144.<\/span><br \/><span style=\"font-family: 'Open Sans', sans-serif; font-size: 10pt;\">\u2705 Materia\u0142, z kt\u00f3rego wykonano gumy do \u0107wicze\u0144,\u00a0<strong>jest wodoodporny<\/strong>.<\/span><br \/><span style=\"font-family: 'Open Sans', sans-serif; font-size: 10pt;\">\u2705 Gumy oporowe s\u0105\u00a0<strong>idealne do przeprowadzenia treningu ca\u0142ego cia\u0142a<\/strong>. Anga\u017cuj\u0105 mi\u0119\u015bnie do wi\u0119kszej pracy.<\/span><br \/><span style=\"font-family: 'Open Sans', sans-serif; font-size: 10pt;\">\u2705<\/span><strong><span style=\"font-family: 'Open Sans', sans-serif; font-size: 10pt;\"> Odpowiednie zar\u00f3wno dla sportowc\u00f3w rekreacyjnych, jak i profesjonalnych<\/span><br \/><span style=\"font-family: 'Open Sans', sans-serif; font-size: 10pt;\">\u2705 R\u00f3\u017cne kolory dostarczaj\u0105 r\u00f3\u017cny op\u00f3r<\/span><\/p>\n<p><\/strong><\/p>\n","protected":false},"excerpt":{"rendered":"<p>YAKIMASPORT<br \/>\nEAN: 5903796711608<\/p>\n","protected":false},"featured_media":3216,"template":"","meta":{"_acf_changed":false},"marka":[145],"product_cat":[233,325,235,324,367],"product_tag":[],"class_list":{"0":"post-3218","1":"product","2":"type-product","3":"status-publish","4":"has-post-thumbnail","6":"marka-yakimasport","7":"product_cat-school-accessories","8":"product_cat-fitness-accessories","9":"product_cat-other-school-accessories","10":"product_cat-gym-fitness","11":"product_cat-yakimasport-en","13":"first","14":"instock","15":"taxable","16":"shipping-taxable","17":"purchasable","18":"product-type-simple"},"acf":{"informacje_o_zakupach":"Bezpieczne zakupy, 12 miesi\u0119czna gwarancja!","informacje_o_dostawie_ys":"Szybka realizacja zam\u00f3wienia i dostawa","informacje_o_zwrocie":"14-dniowa mo\u017cliwo\u015b\u0107 zwrotu!"},"_links":{"self":[{"href":"http:\/\/sportyheaven.pl\/en\/wp-json\/wp\/v2\/product\/3218","targetHints":{"allow":["GET"]}}],"collection":[{"href":"http:\/\/sportyheaven.pl\/en\/wp-json\/wp\/v2\/product"}],"about":[{"href":"http:\/\/sportyheaven.pl\/en\/wp-json\/wp\/v2\/types\/product"}],"version-history":[{"count":3,"href":"http:\/\/sportyheaven.pl\/en\/wp-json\/wp\/v2\/product\/3218\/revisions"}],"predecessor-version":[{"id":5827,"href":"http:\/\/sportyheaven.pl\/en\/wp-json\/wp\/v2\/product\/3218\/revisions\/5827"}],"wp:featuredmedia":[{"embeddable":true,"href":"http:\/\/sportyheaven.pl\/en\/wp-json\/wp\/v2\/media\/3216"}],"wp:attachment":[{"href":"http:\/\/sportyheaven.pl\/en\/wp-json\/wp\/v2\/media?parent=3218"}],"wp:term":[{"taxonomy":"marka","embeddable":true,"href":"http:\/\/sportyheaven.pl\/en\/wp-json\/wp\/v2\/marka?post=3218"},{"taxonomy":"product_cat","embeddable":true,"href":"http:\/\/sportyheaven.pl\/en\/wp-json\/wp\/v2\/product_cat?post=3218"},{"taxonomy":"product_tag","embeddable":true,"href":"http:\/\/sportyheaven.pl\/en\/wp-json\/wp\/v2\/product_tag?post=3218"}],"curies":[{"name":"wp","href":"https:\/\/api.w.org\/{rel}","templated":true}]}}