{"id":3186,"date":"2023-12-13T13:17:56","date_gmt":"2023-12-13T12:17:56","guid":{"rendered":"https:\/\/sportyheaven.pl\/produkty\/pas-do-treningu-szybkosciowego-na-uwolnienie\/"},"modified":"2024-11-19T15:07:46","modified_gmt":"2024-11-19T14:07:46","slug":"pas-do-treningu-szybkosciowego-na-uwolnienie","status":"publish","type":"product","link":"http:\/\/sportyheaven.pl\/en\/sklep\/pas-do-treningu-szybkosciowego-na-uwolnienie\/","title":{"rendered":"Pas do treningu szybko\u015bciowego na uwolnienie"},"content":{"rendered":"<p><span style=\"font-family: 'Open Sans', sans-serif; font-size: 10pt;\">\u2705 Posiada wszystkie w\u0142a\u015bciwo\u015bci ta\u015bmy do treningu szybko\u015bciowego<\/span><br \/><span style=\"font-family: 'Open Sans', sans-serif; font-size: 10pt;\">\u2705 Dodatkowo funkcja &#8220;wypi\u0119cia&#8221; zawodnika z oporu stawianego przez ta\u015bm\u0119<\/span><br \/><span style=\"font-family: 'Open Sans', sans-serif; font-size: 10pt;\">\u2705 Wiele mo\u017cliwo\u015bci treningu oporowego<\/span><\/p>\n","protected":false},"excerpt":{"rendered":"<p>YAKIMASPORT<br \/>\nEAN: 5903137554994<\/p>\n","protected":false},"featured_media":5394,"template":"","meta":{"_acf_changed":false},"marka":[],"product_cat":[292,299,367],"product_tag":[],"class_list":{"0":"post-3186","1":"product","2":"type-product","3":"status-publish","4":"has-post-thumbnail","6":"product_cat-football","7":"product_cat-football-training-equipment","8":"product_cat-yakimasport-en","10":"first","11":"instock","12":"taxable","13":"shipping-taxable","14":"purchasable","15":"product-type-simple"},"acf":{"informacje_o_zakupach":"Bezpieczne zakupy, 12 miesi\u0119czna gwarancja!","informacje_o_dostawie_ys":"Szybka realizacja zam\u00f3wienia i dostawa","informacje_o_zwrocie":"14-dniowa mo\u017cliwo\u015b\u0107 zwrotu!"},"_links":{"self":[{"href":"http:\/\/sportyheaven.pl\/en\/wp-json\/wp\/v2\/product\/3186","targetHints":{"allow":["GET"]}}],"collection":[{"href":"http:\/\/sportyheaven.pl\/en\/wp-json\/wp\/v2\/product"}],"about":[{"href":"http:\/\/sportyheaven.pl\/en\/wp-json\/wp\/v2\/types\/product"}],"version-history":[{"count":2,"href":"http:\/\/sportyheaven.pl\/en\/wp-json\/wp\/v2\/product\/3186\/revisions"}],"predecessor-version":[{"id":5795,"href":"http:\/\/sportyheaven.pl\/en\/wp-json\/wp\/v2\/product\/3186\/revisions\/5795"}],"wp:featuredmedia":[{"embeddable":true,"href":"http:\/\/sportyheaven.pl\/en\/wp-json\/wp\/v2\/media\/5394"}],"wp:attachment":[{"href":"http:\/\/sportyheaven.pl\/en\/wp-json\/wp\/v2\/media?parent=3186"}],"wp:term":[{"taxonomy":"marka","embeddable":true,"href":"http:\/\/sportyheaven.pl\/en\/wp-json\/wp\/v2\/marka?post=3186"},{"taxonomy":"product_cat","embeddable":true,"href":"http:\/\/sportyheaven.pl\/en\/wp-json\/wp\/v2\/product_cat?post=3186"},{"taxonomy":"product_tag","embeddable":true,"href":"http:\/\/sportyheaven.pl\/en\/wp-json\/wp\/v2\/product_tag?post=3186"}],"curies":[{"name":"wp","href":"https:\/\/api.w.org\/{rel}","templated":true}]}}