{"id":3175,"date":"2023-12-13T13:16:55","date_gmt":"2023-12-13T12:16:55","guid":{"rendered":"https:\/\/sportyheaven.pl\/produkty\/bramka-przenosna-do-pilki-noznej-3-x-155-m-pro-pvc\/"},"modified":"2025-04-29T07:41:51","modified_gmt":"2025-04-29T05:41:51","slug":"bramka-przenosna-do-pilki-noznej-3-x-155-m-pro-pvc","status":"publish","type":"product","link":"http:\/\/sportyheaven.pl\/en\/sklep\/bramka-przenosna-do-pilki-noznej-3-x-155-m-pro-pvc\/","title":{"rendered":"Bramka przeno\u015bna do pi\u0142ki no\u017cnej 3m x 1,55m PRO PVC"},"content":{"rendered":"<p><span style=\"font-size: 10pt;\"><strong><span style=\"font-family: 'Open Sans', sans-serif;\">\u2705 <\/span><\/strong><span style=\"font-family: 'Open Sans', sans-serif;\">Wymiary<\/span><strong><span style=\"font-family: 'Open Sans', sans-serif;\"> <\/span><\/strong><span style=\"font-family: 'Open Sans', sans-serif;\">&#8211;<\/span><strong><span style=\"font-family: 'Open Sans', sans-serif;\">\u00a0<\/span><\/strong><span style=\"font-family: 'Open Sans', sans-serif;\">3<\/span><\/span><span style=\"font-family: 'Open Sans', sans-serif;\"><span style=\"font-size: 10pt;\">00cm x 155 cm (szeroko\u015b\u0107 x wysoko\u015b\u0107).<\/span><br \/><span style=\"font-size: 10pt;\"><strong>\u2705 <\/strong>Materia\u0142<strong> <\/strong>&#8211; PVC odporny na warunki atmosferyczne.<\/span><br \/><span style=\"font-size: 10pt;\">\u2705 W zestawie komplet \u015bledzi, klipsy do mocowania siatki, torba do przenoszenia.<\/span><br \/><\/span><\/p>\n","protected":false},"excerpt":{"rendered":"<p>YAKIMASPORT<br \/>\nEAN: 5903796715484<\/p>\n","protected":false},"featured_media":5388,"template":"","meta":{"_acf_changed":false},"marka":[],"product_cat":[123,74,76],"product_tag":[],"class_list":{"0":"post-3175","1":"product","2":"type-product","3":"status-publish","4":"has-post-thumbnail","6":"product_cat-yakimasport","7":"product_cat-pilka-nozna","8":"product_cat-bramki-pilka-nozna","10":"first","11":"instock","12":"taxable","13":"shipping-taxable","14":"purchasable","15":"product-type-simple"},"acf":[],"_links":{"self":[{"href":"http:\/\/sportyheaven.pl\/en\/wp-json\/wp\/v2\/product\/3175","targetHints":{"allow":["GET"]}}],"collection":[{"href":"http:\/\/sportyheaven.pl\/en\/wp-json\/wp\/v2\/product"}],"about":[{"href":"http:\/\/sportyheaven.pl\/en\/wp-json\/wp\/v2\/types\/product"}],"version-history":[{"count":2,"href":"http:\/\/sportyheaven.pl\/en\/wp-json\/wp\/v2\/product\/3175\/revisions"}],"predecessor-version":[{"id":5618,"href":"http:\/\/sportyheaven.pl\/en\/wp-json\/wp\/v2\/product\/3175\/revisions\/5618"}],"wp:featuredmedia":[{"embeddable":true,"href":"http:\/\/sportyheaven.pl\/en\/wp-json\/wp\/v2\/media\/5388"}],"wp:attachment":[{"href":"http:\/\/sportyheaven.pl\/en\/wp-json\/wp\/v2\/media?parent=3175"}],"wp:term":[{"taxonomy":"marka","embeddable":true,"href":"http:\/\/sportyheaven.pl\/en\/wp-json\/wp\/v2\/marka?post=3175"},{"taxonomy":"product_cat","embeddable":true,"href":"http:\/\/sportyheaven.pl\/en\/wp-json\/wp\/v2\/product_cat?post=3175"},{"taxonomy":"product_tag","embeddable":true,"href":"http:\/\/sportyheaven.pl\/en\/wp-json\/wp\/v2\/product_tag?post=3175"}],"curies":[{"name":"wp","href":"https:\/\/api.w.org\/{rel}","templated":true}]}}