{"id":3172,"date":"2023-12-13T13:16:53","date_gmt":"2023-12-13T12:16:53","guid":{"rendered":"https:\/\/sportyheaven.pl\/produkty\/bramka-przenosna-do-pilki-noznej-3-x-2-m-pro-pvc\/"},"modified":"2025-04-29T07:41:50","modified_gmt":"2025-04-29T05:41:50","slug":"bramka-przenosna-do-pilki-noznej-3-x-2-m-pro-pvc","status":"publish","type":"product","link":"http:\/\/sportyheaven.pl\/en\/sklep\/bramka-przenosna-do-pilki-noznej-3-x-2-m-pro-pvc\/","title":{"rendered":"Bramka do pi\u0142ki no\u017cnej 3m x 2m PRO PVC"},"content":{"rendered":"<div style=\"text-align: justify;\"><span style=\"font-size: 10pt;\"><span style=\"font-family: 'Open Sans', sans-serif;\">\u2705 Wymiary <\/span><span style=\"font-family: 'Open Sans', sans-serif;\">&#8211;<\/span><span style=\"font-family: 'Open Sans', sans-serif;\">\u00a0<\/span><span style=\"font-family: 'Open Sans', sans-serif;\">3m<\/span><\/span><span style=\"font-family: 'Open Sans', sans-serif;\"><span style=\"font-size: 10pt;\">\u00a0x 2m (szeroko\u015b\u0107 x wysoko\u015b\u0107).<\/span><br \/><span style=\"font-size: 10pt;\">\u2705 Idealna do przygotowania boiska w przydomowym ogr\u00f3dku.<\/span><br \/><span style=\"font-size: 10pt;\">\u2705 Siatka\u00a0w zestawie.<\/span><\/p>\n<p><\/span><\/div>\n","protected":false},"excerpt":{"rendered":"<p>YAKIMASPORT<br \/>\nEAN: 5903796715576<\/p>\n","protected":false},"featured_media":5386,"template":"","meta":{"_acf_changed":false},"marka":[],"product_cat":[76,74,123],"product_tag":[],"class_list":{"0":"post-3172","1":"product","2":"type-product","3":"status-publish","4":"has-post-thumbnail","6":"product_cat-bramki-pilka-nozna","7":"product_cat-pilka-nozna","8":"product_cat-yakimasport","10":"first","11":"instock","12":"taxable","13":"shipping-taxable","14":"purchasable","15":"product-type-simple"},"acf":[],"_links":{"self":[{"href":"http:\/\/sportyheaven.pl\/en\/wp-json\/wp\/v2\/product\/3172","targetHints":{"allow":["GET"]}}],"collection":[{"href":"http:\/\/sportyheaven.pl\/en\/wp-json\/wp\/v2\/product"}],"about":[{"href":"http:\/\/sportyheaven.pl\/en\/wp-json\/wp\/v2\/types\/product"}],"version-history":[{"count":3,"href":"http:\/\/sportyheaven.pl\/en\/wp-json\/wp\/v2\/product\/3172\/revisions"}],"predecessor-version":[{"id":5692,"href":"http:\/\/sportyheaven.pl\/en\/wp-json\/wp\/v2\/product\/3172\/revisions\/5692"}],"wp:featuredmedia":[{"embeddable":true,"href":"http:\/\/sportyheaven.pl\/en\/wp-json\/wp\/v2\/media\/5386"}],"wp:attachment":[{"href":"http:\/\/sportyheaven.pl\/en\/wp-json\/wp\/v2\/media?parent=3172"}],"wp:term":[{"taxonomy":"marka","embeddable":true,"href":"http:\/\/sportyheaven.pl\/en\/wp-json\/wp\/v2\/marka?post=3172"},{"taxonomy":"product_cat","embeddable":true,"href":"http:\/\/sportyheaven.pl\/en\/wp-json\/wp\/v2\/product_cat?post=3172"},{"taxonomy":"product_tag","embeddable":true,"href":"http:\/\/sportyheaven.pl\/en\/wp-json\/wp\/v2\/product_tag?post=3172"}],"curies":[{"name":"wp","href":"https:\/\/api.w.org\/{rel}","templated":true}]}}