{"id":3169,"date":"2023-12-13T13:16:51","date_gmt":"2023-12-13T12:16:51","guid":{"rendered":"https:\/\/sportyheaven.pl\/produkty\/bramka-do-pilki-noznej-przenosna-5-x-2-m-pro-pvc\/"},"modified":"2024-02-23T21:52:08","modified_gmt":"2024-02-23T20:52:08","slug":"bramka-do-pilki-noznej-przenosna-5-x-2-m-pro-pvc","status":"publish","type":"product","link":"http:\/\/sportyheaven.pl\/en\/sklep\/bramka-do-pilki-noznej-przenosna-5-x-2-m-pro-pvc\/","title":{"rendered":"Bramka do pi\u0142ki no\u017cnej przeno\u015bna 5 x 2 m PRO PVC"},"content":{"rendered":"<ul>\n<li>Odkryj bramk\u0119 pi\u0142karsk\u0105 o rozmiarach 5 x 2 m, idealn\u0105 dla Twoich potrzeb!<\/li>\n<li>Niezawodna stabilno\u015b\u0107, dzi\u0119ki innowacyjnemu systemowi blokowania.<\/li>\n<li>Gotowa do gry w mgnieniu oka \u2013 monta\u017c tej bramki to kwestia chwil, wystarczy zaledwie kilka minut!<\/li>\n<\/ul>\n","protected":false},"excerpt":{"rendered":"<p>YAKIMASPORT<br \/>\nEAN: 5903796715491<\/p>\n","protected":false},"featured_media":3167,"template":"","meta":{"_acf_changed":false},"marka":[],"product_cat":[76,74,123],"product_tag":[],"class_list":{"0":"post-3169","1":"product","2":"type-product","3":"status-publish","4":"has-post-thumbnail","6":"product_cat-bramki-pilka-nozna","7":"product_cat-pilka-nozna","8":"product_cat-yakimasport","10":"first","11":"instock","12":"taxable","13":"shipping-taxable","14":"purchasable","15":"product-type-simple"},"acf":[],"_links":{"self":[{"href":"http:\/\/sportyheaven.pl\/en\/wp-json\/wp\/v2\/product\/3169","targetHints":{"allow":["GET"]}}],"collection":[{"href":"http:\/\/sportyheaven.pl\/en\/wp-json\/wp\/v2\/product"}],"about":[{"href":"http:\/\/sportyheaven.pl\/en\/wp-json\/wp\/v2\/types\/product"}],"version-history":[{"count":0,"href":"http:\/\/sportyheaven.pl\/en\/wp-json\/wp\/v2\/product\/3169\/revisions"}],"wp:featuredmedia":[{"embeddable":true,"href":"http:\/\/sportyheaven.pl\/en\/wp-json\/wp\/v2\/media\/3167"}],"wp:attachment":[{"href":"http:\/\/sportyheaven.pl\/en\/wp-json\/wp\/v2\/media?parent=3169"}],"wp:term":[{"taxonomy":"marka","embeddable":true,"href":"http:\/\/sportyheaven.pl\/en\/wp-json\/wp\/v2\/marka?post=3169"},{"taxonomy":"product_cat","embeddable":true,"href":"http:\/\/sportyheaven.pl\/en\/wp-json\/wp\/v2\/product_cat?post=3169"},{"taxonomy":"product_tag","embeddable":true,"href":"http:\/\/sportyheaven.pl\/en\/wp-json\/wp\/v2\/product_tag?post=3169"}],"curies":[{"name":"wp","href":"https:\/\/api.w.org\/{rel}","templated":true}]}}