{"id":3157,"date":"2023-12-13T13:16:45","date_gmt":"2023-12-13T12:16:45","guid":{"rendered":"https:\/\/sportyheaven.pl\/produkty\/skill-ball-iii-z-obciaznikiem\/"},"modified":"2025-01-10T09:28:56","modified_gmt":"2025-01-10T08:28:56","slug":"skill-ball-iii-z-obciaznikiem","status":"publish","type":"product","link":"http:\/\/sportyheaven.pl\/en\/sklep\/skill-ball-iii-z-obciaznikiem\/","title":{"rendered":"Pi\u0142ka na uwi\u0119zi, Skill Ball III z obci\u0105\u017cnikiem"},"content":{"rendered":"<p><span style=\"font-family: 'Open Sans', sans-serif; font-size: 10pt;\">\u2705\u00a0Idealny zar\u00f3wno do klub\u00f3w jak i do rekreacyjnych trening\u00f3w<\/span><br \/><span style=\"font-family: 'Open Sans', sans-serif; font-size: 10pt;\">\u2705 Po strzale pi\u0142ka wraca do \u0107wicz\u0105cego dzi\u0119ki temu nie tracimy czasu na chodzenie po pi\u0142k\u0119<\/span><br \/><span style=\"font-family: 'Open Sans', sans-serif; font-size: 10pt;\">\u2705 Pozwala na \u0107wiczenie strza\u0142\u00f3w w pojedynk\u0119<\/span><\/p>\n","protected":false},"excerpt":{"rendered":"<p>YAKIMASPORT<br \/>\nEAN: 5903796710557<\/p>\n","protected":false},"featured_media":3155,"template":"","meta":{"_acf_changed":false},"marka":[],"product_cat":[123,74,82],"product_tag":[],"class_list":{"0":"post-3157","1":"product","2":"type-product","3":"status-publish","4":"has-post-thumbnail","6":"product_cat-yakimasport","7":"product_cat-pilka-nozna","8":"product_cat-sprzet-treningowy-pilka-nozna","10":"first","11":"instock","12":"taxable","13":"shipping-taxable","14":"purchasable","15":"product-type-simple"},"acf":[],"_links":{"self":[{"href":"http:\/\/sportyheaven.pl\/en\/wp-json\/wp\/v2\/product\/3157","targetHints":{"allow":["GET"]}}],"collection":[{"href":"http:\/\/sportyheaven.pl\/en\/wp-json\/wp\/v2\/product"}],"about":[{"href":"http:\/\/sportyheaven.pl\/en\/wp-json\/wp\/v2\/types\/product"}],"version-history":[{"count":1,"href":"http:\/\/sportyheaven.pl\/en\/wp-json\/wp\/v2\/product\/3157\/revisions"}],"predecessor-version":[{"id":5725,"href":"http:\/\/sportyheaven.pl\/en\/wp-json\/wp\/v2\/product\/3157\/revisions\/5725"}],"wp:featuredmedia":[{"embeddable":true,"href":"http:\/\/sportyheaven.pl\/en\/wp-json\/wp\/v2\/media\/3155"}],"wp:attachment":[{"href":"http:\/\/sportyheaven.pl\/en\/wp-json\/wp\/v2\/media?parent=3157"}],"wp:term":[{"taxonomy":"marka","embeddable":true,"href":"http:\/\/sportyheaven.pl\/en\/wp-json\/wp\/v2\/marka?post=3157"},{"taxonomy":"product_cat","embeddable":true,"href":"http:\/\/sportyheaven.pl\/en\/wp-json\/wp\/v2\/product_cat?post=3157"},{"taxonomy":"product_tag","embeddable":true,"href":"http:\/\/sportyheaven.pl\/en\/wp-json\/wp\/v2\/product_tag?post=3157"}],"curies":[{"name":"wp","href":"https:\/\/api.w.org\/{rel}","templated":true}]}}