{"id":3148,"date":"2023-12-13T13:16:41","date_gmt":"2023-12-13T12:16:41","guid":{"rendered":"https:\/\/sportyheaven.pl\/produkty\/siatka-do-bramki-giza-zak-3m-x-155m-300cm-x-155cm\/"},"modified":"2025-04-29T06:23:41","modified_gmt":"2025-04-29T04:23:41","slug":"siatka-do-bramki-giza-zak-3m-x-155m-300cm-x-155cm","status":"publish","type":"product","link":"http:\/\/sportyheaven.pl\/en\/sklep\/siatka-do-bramki-giza-zak-3m-x-155m-300cm-x-155cm\/","title":{"rendered":"Siatka do bramki GIZA \u017bAK 3m x 1,55m | 300cm x 155cm- r\u00f3\u017cne kolory"},"content":{"rendered":"<p><span style=\"font-size: 10pt; font-family: 'Open Sans', sans-serif;\">\u2705 Siatka pasuje do bramki GIZA \u017bAK #100282<br \/>\u2705 Posiada niezb\u0119dne elementy do monta\u017cu<br \/><\/span><\/p>\n","protected":false},"excerpt":{"rendered":"<p>YAKIMASPORT<br \/>\nEAN: 5903796712759<\/p>\n","protected":false},"featured_media":3146,"template":"","meta":{"_acf_changed":false},"marka":[],"product_cat":[123,74,77],"product_tag":[],"class_list":{"0":"post-3148","1":"product","2":"type-product","3":"status-publish","4":"has-post-thumbnail","6":"product_cat-yakimasport","7":"product_cat-pilka-nozna","8":"product_cat-siatki-pilka-nozna","10":"first","11":"instock","12":"taxable","13":"shipping-taxable","14":"purchasable","15":"product-type-simple"},"acf":[],"_links":{"self":[{"href":"http:\/\/sportyheaven.pl\/en\/wp-json\/wp\/v2\/product\/3148","targetHints":{"allow":["GET"]}}],"collection":[{"href":"http:\/\/sportyheaven.pl\/en\/wp-json\/wp\/v2\/product"}],"about":[{"href":"http:\/\/sportyheaven.pl\/en\/wp-json\/wp\/v2\/types\/product"}],"version-history":[{"count":3,"href":"http:\/\/sportyheaven.pl\/en\/wp-json\/wp\/v2\/product\/3148\/revisions"}],"predecessor-version":[{"id":5853,"href":"http:\/\/sportyheaven.pl\/en\/wp-json\/wp\/v2\/product\/3148\/revisions\/5853"}],"wp:featuredmedia":[{"embeddable":true,"href":"http:\/\/sportyheaven.pl\/en\/wp-json\/wp\/v2\/media\/3146"}],"wp:attachment":[{"href":"http:\/\/sportyheaven.pl\/en\/wp-json\/wp\/v2\/media?parent=3148"}],"wp:term":[{"taxonomy":"marka","embeddable":true,"href":"http:\/\/sportyheaven.pl\/en\/wp-json\/wp\/v2\/marka?post=3148"},{"taxonomy":"product_cat","embeddable":true,"href":"http:\/\/sportyheaven.pl\/en\/wp-json\/wp\/v2\/product_cat?post=3148"},{"taxonomy":"product_tag","embeddable":true,"href":"http:\/\/sportyheaven.pl\/en\/wp-json\/wp\/v2\/product_tag?post=3148"}],"curies":[{"name":"wp","href":"https:\/\/api.w.org\/{rel}","templated":true}]}}