{"id":3128,"date":"2023-12-13T13:16:28","date_gmt":"2023-12-13T12:16:28","guid":{"rendered":"https:\/\/sportyheaven.pl\/produkty\/rzepy-do-przenoszenia-i-magazynowania-sprzetu\/"},"modified":"2025-04-29T07:34:55","modified_gmt":"2025-04-29T05:34:55","slug":"rzepy-do-przenoszenia-i-magazynowania-sprzetu","status":"publish","type":"product","link":"http:\/\/sportyheaven.pl\/en\/sklep\/rzepy-do-przenoszenia-i-magazynowania-sprzetu\/","title":{"rendered":"Rzepy do przenoszenia i magazynowania sprz\u0119tu"},"content":{"rendered":"<p><span style=\"font-family: 'Open Sans', sans-serif; font-size: 10pt;\">\u2705 Idealne do magazynowani sprz\u0119tu treningowego tyczki, p\u0142otki<\/span><\/p>\n","protected":false},"excerpt":{"rendered":"<p>YAKIMASPORT<br \/>\nEAN: 5903796711752<\/p>\n","protected":false},"featured_media":5598,"template":"","meta":{"_acf_changed":false},"marka":[],"product_cat":[292,299,367],"product_tag":[],"class_list":{"0":"post-3128","1":"product","2":"type-product","3":"status-publish","4":"has-post-thumbnail","6":"product_cat-football","7":"product_cat-football-training-equipment","8":"product_cat-yakimasport-en","10":"first","11":"instock","12":"taxable","13":"shipping-taxable","14":"purchasable","15":"product-type-simple"},"acf":{"informacje_o_zakupach":"Bezpieczne zakupy, 12 miesi\u0119czna gwarancja!","informacje_o_dostawie_ys":"Szybka realizacja zam\u00f3wienia i dostawa","informacje_o_zwrocie":"14-dniowa mo\u017cliwo\u015b\u0107 zwrotu!"},"_links":{"self":[{"href":"http:\/\/sportyheaven.pl\/en\/wp-json\/wp\/v2\/product\/3128","targetHints":{"allow":["GET"]}}],"collection":[{"href":"http:\/\/sportyheaven.pl\/en\/wp-json\/wp\/v2\/product"}],"about":[{"href":"http:\/\/sportyheaven.pl\/en\/wp-json\/wp\/v2\/types\/product"}],"version-history":[{"count":2,"href":"http:\/\/sportyheaven.pl\/en\/wp-json\/wp\/v2\/product\/3128\/revisions"}],"predecessor-version":[{"id":5691,"href":"http:\/\/sportyheaven.pl\/en\/wp-json\/wp\/v2\/product\/3128\/revisions\/5691"}],"wp:featuredmedia":[{"embeddable":true,"href":"http:\/\/sportyheaven.pl\/en\/wp-json\/wp\/v2\/media\/5598"}],"wp:attachment":[{"href":"http:\/\/sportyheaven.pl\/en\/wp-json\/wp\/v2\/media?parent=3128"}],"wp:term":[{"taxonomy":"marka","embeddable":true,"href":"http:\/\/sportyheaven.pl\/en\/wp-json\/wp\/v2\/marka?post=3128"},{"taxonomy":"product_cat","embeddable":true,"href":"http:\/\/sportyheaven.pl\/en\/wp-json\/wp\/v2\/product_cat?post=3128"},{"taxonomy":"product_tag","embeddable":true,"href":"http:\/\/sportyheaven.pl\/en\/wp-json\/wp\/v2\/product_tag?post=3128"}],"curies":[{"name":"wp","href":"https:\/\/api.w.org\/{rel}","templated":true}]}}