{"id":3122,"date":"2023-12-13T13:16:25","date_gmt":"2023-12-13T12:16:25","guid":{"rendered":"https:\/\/sportyheaven.pl\/produkty\/koszyk-na-6-bidonow\/"},"modified":"2025-04-29T07:33:14","modified_gmt":"2025-04-29T05:33:14","slug":"koszyk-na-6-bidonow","status":"publish","type":"product","link":"http:\/\/sportyheaven.pl\/en\/sklep\/koszyk-na-6-bidonow\/","title":{"rendered":"Koszyk na 6 bidon\u00f3w, bidony, shakery"},"content":{"rendered":"<p><span style=\"font-family:'Open Sans', sans-serif;font-size:10pt;\">\u2705 Pojemno\u015b\u0107 koszyka &#8211; 6 bidon\u00f3w<\/span><br \/><span style=\"font-family:'Open Sans', sans-serif;font-size:10pt;\">\u2705 Pojemnik uniwersalny na bidony o \u015br. mniejszej ni\u017c 9,5cm<\/span><br \/><span style=\"font-family:'Open Sans', sans-serif;font-size:10pt;\">\u2705 Wielko\u015b\u0107 otwor\u00f3w 9,5cm x 9,5cm\u00a0<\/span><\/p>\n","protected":false},"excerpt":{"rendered":"<p>YAKIMASPORT<br \/>\nEAN: 5903137554130<\/p>\n","protected":false},"featured_media":5548,"template":"","meta":{"_acf_changed":false},"marka":[],"product_cat":[293,292,367],"product_tag":[],"class_list":{"0":"post-3122","1":"product","2":"type-product","3":"status-publish","4":"has-post-thumbnail","6":"product_cat-football-accessories","7":"product_cat-football","8":"product_cat-yakimasport-en","10":"first","11":"instock","12":"taxable","13":"shipping-taxable","14":"purchasable","15":"product-type-simple"},"acf":{"informacje_o_zakupach":"Bezpieczne zakupy, 12 miesi\u0119czna gwarancja!","informacje_o_dostawie_ys":"Szybka realizacja zam\u00f3wienia i dostawa","informacje_o_zwrocie":"14-dniowa mo\u017cliwo\u015b\u0107 zwrotu!"},"_links":{"self":[{"href":"http:\/\/sportyheaven.pl\/en\/wp-json\/wp\/v2\/product\/3122","targetHints":{"allow":["GET"]}}],"collection":[{"href":"http:\/\/sportyheaven.pl\/en\/wp-json\/wp\/v2\/product"}],"about":[{"href":"http:\/\/sportyheaven.pl\/en\/wp-json\/wp\/v2\/types\/product"}],"version-history":[{"count":5,"href":"http:\/\/sportyheaven.pl\/en\/wp-json\/wp\/v2\/product\/3122\/revisions"}],"predecessor-version":[{"id":5903,"href":"http:\/\/sportyheaven.pl\/en\/wp-json\/wp\/v2\/product\/3122\/revisions\/5903"}],"wp:featuredmedia":[{"embeddable":true,"href":"http:\/\/sportyheaven.pl\/en\/wp-json\/wp\/v2\/media\/5548"}],"wp:attachment":[{"href":"http:\/\/sportyheaven.pl\/en\/wp-json\/wp\/v2\/media?parent=3122"}],"wp:term":[{"taxonomy":"marka","embeddable":true,"href":"http:\/\/sportyheaven.pl\/en\/wp-json\/wp\/v2\/marka?post=3122"},{"taxonomy":"product_cat","embeddable":true,"href":"http:\/\/sportyheaven.pl\/en\/wp-json\/wp\/v2\/product_cat?post=3122"},{"taxonomy":"product_tag","embeddable":true,"href":"http:\/\/sportyheaven.pl\/en\/wp-json\/wp\/v2\/product_tag?post=3122"}],"curies":[{"name":"wp","href":"https:\/\/api.w.org\/{rel}","templated":true}]}}