{"id":3035,"date":"2023-12-13T13:14:05","date_gmt":"2023-12-13T12:14:05","guid":{"rendered":"https:\/\/sportyheaven.pl\/produkty\/podstawka-wielofunkcyjna-pod-kolo-laske-treningowa\/"},"modified":"2025-04-29T07:10:12","modified_gmt":"2025-04-29T05:10:12","slug":"podstawka-wielofunkcyjna-pod-kolo-laske-treningowa","status":"publish","type":"product","link":"http:\/\/sportyheaven.pl\/en\/sklep\/podstawka-wielofunkcyjna-pod-kolo-laske-treningowa\/","title":{"rendered":"Podstawka wielofunkcyjna pod ko\u0142o, lask\u0119 treningow\u0105"},"content":{"rendered":"<p><span style=\"font-family: 'Open Sans', sans-serif; font-size: 10pt;\">\u2705 Stabilna podstawa pod pod ko\u0142a koordynacyjne oraz laski\u00a0treningowe 1m lub1,6m o \u015brednicy 25mm<\/span><br \/><span style=\"font-family: 'Open Sans', sans-serif; font-size: 10pt;\">\u2705 Laski oraz ko\u0142a koordynacyjne pasuj\u0105ce do podstawek s\u0105 dost\u0119pne w naszym sklepie<\/span><\/p>\n","protected":false},"excerpt":{"rendered":"<p>YAKIMASPORT<br \/>\nEAN: 5903137554635<\/p>\n","protected":false},"featured_media":3033,"template":"","meta":{"_acf_changed":false},"marka":[],"product_cat":[123,74,82],"product_tag":[],"class_list":{"0":"post-3035","1":"product","2":"type-product","3":"status-publish","4":"has-post-thumbnail","6":"product_cat-yakimasport","7":"product_cat-pilka-nozna","8":"product_cat-sprzet-treningowy-pilka-nozna","10":"first","11":"instock","12":"taxable","13":"shipping-taxable","14":"purchasable","15":"product-type-simple"},"acf":[],"_links":{"self":[{"href":"http:\/\/sportyheaven.pl\/en\/wp-json\/wp\/v2\/product\/3035","targetHints":{"allow":["GET"]}}],"collection":[{"href":"http:\/\/sportyheaven.pl\/en\/wp-json\/wp\/v2\/product"}],"about":[{"href":"http:\/\/sportyheaven.pl\/en\/wp-json\/wp\/v2\/types\/product"}],"version-history":[{"count":2,"href":"http:\/\/sportyheaven.pl\/en\/wp-json\/wp\/v2\/product\/3035\/revisions"}],"predecessor-version":[{"id":5940,"href":"http:\/\/sportyheaven.pl\/en\/wp-json\/wp\/v2\/product\/3035\/revisions\/5940"}],"wp:featuredmedia":[{"embeddable":true,"href":"http:\/\/sportyheaven.pl\/en\/wp-json\/wp\/v2\/media\/3033"}],"wp:attachment":[{"href":"http:\/\/sportyheaven.pl\/en\/wp-json\/wp\/v2\/media?parent=3035"}],"wp:term":[{"taxonomy":"marka","embeddable":true,"href":"http:\/\/sportyheaven.pl\/en\/wp-json\/wp\/v2\/marka?post=3035"},{"taxonomy":"product_cat","embeddable":true,"href":"http:\/\/sportyheaven.pl\/en\/wp-json\/wp\/v2\/product_cat?post=3035"},{"taxonomy":"product_tag","embeddable":true,"href":"http:\/\/sportyheaven.pl\/en\/wp-json\/wp\/v2\/product_tag?post=3035"}],"curies":[{"name":"wp","href":"https:\/\/api.w.org\/{rel}","templated":true}]}}