{"id":2864,"date":"2023-12-13T13:12:33","date_gmt":"2023-12-13T12:12:33","guid":{"rendered":"https:\/\/sportyheaven.pl\/produkty\/zestaw-do-siatkonogi-na-sztucza-nurawe-6m\/"},"modified":"2025-04-29T06:28:52","modified_gmt":"2025-04-29T04:28:52","slug":"zestaw-do-siatkonogi-na-sztucza-nurawe-6m","status":"publish","type":"product","link":"http:\/\/sportyheaven.pl\/en\/sklep\/zestaw-do-siatkonogi-na-sztucza-nurawe-6m\/","title":{"rendered":"Zestaw do siatkonogi, siatkonoga na sztuczn\u0105 muraw\u0119 6m"},"content":{"rendered":"<p><span style=\"font-family: 'Open Sans', sans-serif; font-size: 10pt;\">\u2705 Siatkonoga mo\u017cliwa do rozstawienia na twardej nawierzchni typu Orlik lub hala<br \/>\u2705 Nie wymaga wbijania \u015bledzi mocuj\u0105cych w muraw\u0119<br \/>\u2705 Praktyczna torba do przenoszenia i magazynowania sprz\u0119tu w zestawie <\/span><br \/><span style=\"font-family: 'Open Sans', sans-serif; font-size: 10pt;\">\u2705 Wysoko\u015b\u0107 siatki \u2014 75cm<\/span><br \/><span style=\"font-family: 'Open Sans', sans-serif; font-size: 10pt;\">\u2705 Szeroko\u015b\u0107 siatki \u2014 6m<\/span><\/p>\n","protected":false},"excerpt":{"rendered":"<p>YAKIMASPORT<br \/>\nEAN: 5903137554116<\/p>\n","protected":false},"featured_media":5854,"template":"","meta":{"_acf_changed":false},"marka":[],"product_cat":[123,74,77],"product_tag":[],"class_list":{"0":"post-2864","1":"product","2":"type-product","3":"status-publish","4":"has-post-thumbnail","6":"product_cat-yakimasport","7":"product_cat-pilka-nozna","8":"product_cat-siatki-pilka-nozna","10":"first","11":"instock","12":"taxable","13":"shipping-taxable","14":"purchasable","15":"product-type-simple"},"acf":[],"_links":{"self":[{"href":"http:\/\/sportyheaven.pl\/en\/wp-json\/wp\/v2\/product\/2864","targetHints":{"allow":["GET"]}}],"collection":[{"href":"http:\/\/sportyheaven.pl\/en\/wp-json\/wp\/v2\/product"}],"about":[{"href":"http:\/\/sportyheaven.pl\/en\/wp-json\/wp\/v2\/types\/product"}],"version-history":[{"count":4,"href":"http:\/\/sportyheaven.pl\/en\/wp-json\/wp\/v2\/product\/2864\/revisions"}],"predecessor-version":[{"id":5856,"href":"http:\/\/sportyheaven.pl\/en\/wp-json\/wp\/v2\/product\/2864\/revisions\/5856"}],"wp:featuredmedia":[{"embeddable":true,"href":"http:\/\/sportyheaven.pl\/en\/wp-json\/wp\/v2\/media\/5854"}],"wp:attachment":[{"href":"http:\/\/sportyheaven.pl\/en\/wp-json\/wp\/v2\/media?parent=2864"}],"wp:term":[{"taxonomy":"marka","embeddable":true,"href":"http:\/\/sportyheaven.pl\/en\/wp-json\/wp\/v2\/marka?post=2864"},{"taxonomy":"product_cat","embeddable":true,"href":"http:\/\/sportyheaven.pl\/en\/wp-json\/wp\/v2\/product_cat?post=2864"},{"taxonomy":"product_tag","embeddable":true,"href":"http:\/\/sportyheaven.pl\/en\/wp-json\/wp\/v2\/product_tag?post=2864"}],"curies":[{"name":"wp","href":"https:\/\/api.w.org\/{rel}","templated":true}]}}