{"id":2852,"date":"2023-12-13T13:12:27","date_gmt":"2023-12-13T12:12:27","guid":{"rendered":"https:\/\/sportyheaven.pl\/produkty\/bramka-120x80x60-cm-mini-skladana\/"},"modified":"2025-04-29T06:23:42","modified_gmt":"2025-04-29T04:23:42","slug":"bramka-120x80x60-cm-mini-skladana","status":"publish","type":"product","link":"http:\/\/sportyheaven.pl\/en\/sklep\/bramka-120x80x60-cm-mini-skladana\/","title":{"rendered":"Bramka 120x80x60cm MINI sk\u0142adana"},"content":{"rendered":"<p><span style=\"font-size: 10pt; font-family: 'Open Sans', sans-serif;\">\u2705 Wymiary: szeroko\u015b\u0107 &#8211; 120cm, wysoko\u015b\u0107 &#8211; 80cm, g\u0142\u0119boko\u015b\u0107 &#8211; 60cm<br \/>\u2705 Sk\u0142adany tylna rama bramki- dzi\u0119ki czemu jest \u0142atwa w magazynowaniu i przenoszeniu <\/span><\/p>\n","protected":false},"excerpt":{"rendered":"<p>YAKIMASPORT<br \/>\nEAN: 5906718236234<\/p>\n","protected":false},"featured_media":5947,"template":"","meta":{"_acf_changed":false},"marka":[],"product_cat":[295,292,367],"product_tag":[],"class_list":{"0":"post-2852","1":"product","2":"type-product","3":"status-publish","4":"has-post-thumbnail","6":"product_cat-football-goals","7":"product_cat-football","8":"product_cat-yakimasport-en","10":"first","11":"instock","12":"taxable","13":"shipping-taxable","14":"purchasable","15":"product-type-simple"},"acf":{"informacje_o_zakupach":"Bezpieczne zakupy, 12 miesi\u0119czna gwarancja!","informacje_o_dostawie_ys":"Szybka realizacja zam\u00f3wienia i dostawa","informacje_o_zwrocie":"14-dniowa mo\u017cliwo\u015b\u0107 zwrotu!"},"_links":{"self":[{"href":"http:\/\/sportyheaven.pl\/en\/wp-json\/wp\/v2\/product\/2852","targetHints":{"allow":["GET"]}}],"collection":[{"href":"http:\/\/sportyheaven.pl\/en\/wp-json\/wp\/v2\/product"}],"about":[{"href":"http:\/\/sportyheaven.pl\/en\/wp-json\/wp\/v2\/types\/product"}],"version-history":[{"count":3,"href":"http:\/\/sportyheaven.pl\/en\/wp-json\/wp\/v2\/product\/2852\/revisions"}],"predecessor-version":[{"id":5636,"href":"http:\/\/sportyheaven.pl\/en\/wp-json\/wp\/v2\/product\/2852\/revisions\/5636"}],"wp:featuredmedia":[{"embeddable":true,"href":"http:\/\/sportyheaven.pl\/en\/wp-json\/wp\/v2\/media\/5947"}],"wp:attachment":[{"href":"http:\/\/sportyheaven.pl\/en\/wp-json\/wp\/v2\/media?parent=2852"}],"wp:term":[{"taxonomy":"marka","embeddable":true,"href":"http:\/\/sportyheaven.pl\/en\/wp-json\/wp\/v2\/marka?post=2852"},{"taxonomy":"product_cat","embeddable":true,"href":"http:\/\/sportyheaven.pl\/en\/wp-json\/wp\/v2\/product_cat?post=2852"},{"taxonomy":"product_tag","embeddable":true,"href":"http:\/\/sportyheaven.pl\/en\/wp-json\/wp\/v2\/product_tag?post=2852"}],"curies":[{"name":"wp","href":"https:\/\/api.w.org\/{rel}","templated":true}]}}