{"id":2840,"date":"2023-12-13T13:12:21","date_gmt":"2023-12-13T12:12:21","guid":{"rendered":"https:\/\/sportyheaven.pl\/produkty\/bramka-skladana-uni-18m-x-12m-180cm-x-120cm\/"},"modified":"2025-04-29T06:23:42","modified_gmt":"2025-04-29T04:23:42","slug":"bramka-skladana-uni-18m-x-12m-180cm-x-120cm","status":"publish","type":"product","link":"http:\/\/sportyheaven.pl\/en\/sklep\/bramka-skladana-uni-18m-x-12m-180cm-x-120cm\/","title":{"rendered":"Bramka sk\u0142adana UNI 1,8M X 1,2M | 180CM X 120CM"},"content":{"rendered":"<p><span style=\"font-family: 'Open Sans', sans-serif; font-size: 10pt;\"><strong>\u2705<\/strong>\u00a0 Rozmiar bramki 180cm x 120cm.<\/span><br \/><span style=\"font-family: 'Open Sans', sans-serif; font-size: 10pt;\"><strong>\u2705<\/strong>\u00a0\u00a0W komplecie zestaw mocuj\u0105cy bramk\u0119 zar\u00f3wno do pod\u0142o\u017ca naturalnego jak i nawierzchni twardych typu Orlik lub hala.<\/span><br \/><span style=\"font-family: 'Open Sans', sans-serif; font-size: 10pt;\"><strong>\u2705<\/strong>\u00a0\u00a0W komplecie praktyczna torba do transportu i magazynowania bramek.<\/span><\/p>\n","protected":false},"excerpt":{"rendered":"<p>YAKIMASPORT<br \/>\nEAN: 5906718236326<\/p>\n","protected":false},"featured_media":5296,"template":"","meta":{"_acf_changed":false},"marka":[],"product_cat":[295,292,367],"product_tag":[],"class_list":{"0":"post-2840","1":"product","2":"type-product","3":"status-publish","4":"has-post-thumbnail","6":"product_cat-football-goals","7":"product_cat-football","8":"product_cat-yakimasport-en","10":"first","11":"instock","12":"taxable","13":"shipping-taxable","14":"purchasable","15":"product-type-simple"},"acf":[],"_links":{"self":[{"href":"http:\/\/sportyheaven.pl\/en\/wp-json\/wp\/v2\/product\/2840","targetHints":{"allow":["GET"]}}],"collection":[{"href":"http:\/\/sportyheaven.pl\/en\/wp-json\/wp\/v2\/product"}],"about":[{"href":"http:\/\/sportyheaven.pl\/en\/wp-json\/wp\/v2\/types\/product"}],"version-history":[{"count":1,"href":"http:\/\/sportyheaven.pl\/en\/wp-json\/wp\/v2\/product\/2840\/revisions"}],"predecessor-version":[{"id":5616,"href":"http:\/\/sportyheaven.pl\/en\/wp-json\/wp\/v2\/product\/2840\/revisions\/5616"}],"wp:featuredmedia":[{"embeddable":true,"href":"http:\/\/sportyheaven.pl\/en\/wp-json\/wp\/v2\/media\/5296"}],"wp:attachment":[{"href":"http:\/\/sportyheaven.pl\/en\/wp-json\/wp\/v2\/media?parent=2840"}],"wp:term":[{"taxonomy":"marka","embeddable":true,"href":"http:\/\/sportyheaven.pl\/en\/wp-json\/wp\/v2\/marka?post=2840"},{"taxonomy":"product_cat","embeddable":true,"href":"http:\/\/sportyheaven.pl\/en\/wp-json\/wp\/v2\/product_cat?post=2840"},{"taxonomy":"product_tag","embeddable":true,"href":"http:\/\/sportyheaven.pl\/en\/wp-json\/wp\/v2\/product_tag?post=2840"}],"curies":[{"name":"wp","href":"https:\/\/api.w.org\/{rel}","templated":true}]}}