{"id":2813,"date":"2023-12-13T13:12:12","date_gmt":"2023-12-13T12:12:12","guid":{"rendered":"https:\/\/sportyheaven.pl\/produkty\/mur-na-sprezynie-junior-skrzat-125-cm-1-sztuka\/"},"modified":"2025-04-29T06:18:33","modified_gmt":"2025-04-29T04:18:33","slug":"mur-na-sprezynie-junior-skrzat-125-cm-1-sztuka","status":"publish","type":"product","link":"http:\/\/sportyheaven.pl\/en\/sklep\/mur-na-sprezynie-junior-skrzat-125-cm-1-sztuka\/","title":{"rendered":"Mur na spr\u0119\u017cynie Junior Skrzat 125cm"},"content":{"rendered":"<p><span style=\"font-family: 'Open Sans', sans-serif; font-size: 10pt;\">\u2705 Wysoko\u015b\u0107 postaci 125cm<\/span><br \/><span style=\"font-family: 'Open Sans', sans-serif; font-size: 10pt;\">\u2705 Spr\u0119\u017cyny powoduj\u0105 amortyzacj\u0119 uderzenia pi\u0142ki<\/span><\/p>\n","protected":false},"excerpt":{"rendered":"<p>YAKIMASPORT<br \/>\nEAN: 5903796710939<\/p>\n","protected":false},"featured_media":2811,"template":"","meta":{"_acf_changed":false},"marka":[],"product_cat":[123,74,82],"product_tag":[],"class_list":{"0":"post-2813","1":"product","2":"type-product","3":"status-publish","4":"has-post-thumbnail","6":"product_cat-yakimasport","7":"product_cat-pilka-nozna","8":"product_cat-sprzet-treningowy-pilka-nozna","10":"first","11":"instock","12":"taxable","13":"shipping-taxable","14":"purchasable","15":"product-type-simple"},"acf":[],"_links":{"self":[{"href":"http:\/\/sportyheaven.pl\/en\/wp-json\/wp\/v2\/product\/2813","targetHints":{"allow":["GET"]}}],"collection":[{"href":"http:\/\/sportyheaven.pl\/en\/wp-json\/wp\/v2\/product"}],"about":[{"href":"http:\/\/sportyheaven.pl\/en\/wp-json\/wp\/v2\/types\/product"}],"version-history":[{"count":1,"href":"http:\/\/sportyheaven.pl\/en\/wp-json\/wp\/v2\/product\/2813\/revisions"}],"predecessor-version":[{"id":5939,"href":"http:\/\/sportyheaven.pl\/en\/wp-json\/wp\/v2\/product\/2813\/revisions\/5939"}],"wp:featuredmedia":[{"embeddable":true,"href":"http:\/\/sportyheaven.pl\/en\/wp-json\/wp\/v2\/media\/2811"}],"wp:attachment":[{"href":"http:\/\/sportyheaven.pl\/en\/wp-json\/wp\/v2\/media?parent=2813"}],"wp:term":[{"taxonomy":"marka","embeddable":true,"href":"http:\/\/sportyheaven.pl\/en\/wp-json\/wp\/v2\/marka?post=2813"},{"taxonomy":"product_cat","embeddable":true,"href":"http:\/\/sportyheaven.pl\/en\/wp-json\/wp\/v2\/product_cat?post=2813"},{"taxonomy":"product_tag","embeddable":true,"href":"http:\/\/sportyheaven.pl\/en\/wp-json\/wp\/v2\/product_tag?post=2813"}],"curies":[{"name":"wp","href":"https:\/\/api.w.org\/{rel}","templated":true}]}}