{"id":2804,"date":"2023-12-13T13:12:10","date_gmt":"2023-12-13T12:12:10","guid":{"rendered":"https:\/\/sportyheaven.pl\/produkty\/rama-z-siatka-rebounder-pro\/"},"modified":"2024-01-29T20:47:36","modified_gmt":"2024-01-29T19:47:36","slug":"rama-z-siatka-rebounder-pro","status":"publish","type":"product","link":"http:\/\/sportyheaven.pl\/en\/sklep\/rama-z-siatka-rebounder-pro\/","title":{"rendered":"Rama z siatk\u0105, Rebounder PRO"},"content":{"rendered":"<div style=\"text-align:justify;\"><span style=\"font-family:'Open Sans', sans-serif;font-size:12pt;\"><strong><span style=\"font-size:18pt;\">Rebounder PRO Y-station<\/span><\/p>\n<p> <\/strong><\/span><\/div>\n<div style=\"text-align:justify;\"><span style=\"font-size:12pt;\"><strong>Nowoczesny, a przede wszystkim efektywny trening wymaga odpowiedniego sprz\u0119tu. Ka\u017cda jednostka treningowa powinna by\u0107 maksymalnie anga\u017cuj\u0105ca, a pom\u00f3c w tym mog\u0105 reboundery marki Yakimasport. Proponowany model\u00a0PRO Y-station to sprz\u0119t przeznaczony zar\u00f3wno dla profesjonalist\u00f3w, jak i amator\u00f3w. Pozwoli rozwija\u0107 technik\u0119 zawodnika, tak wa\u017cn\u0105 w dzisiejszej pi\u0142ce no\u017cnej.<\/strong><\/span><\/div>\n<div style=\"text-align:justify;\"><span style=\"font-size:12pt;\">Rebounder PRO Y-station to sprz\u0119t przeznaczony do treningu bramkarzy oraz zawodnik\u00f3w z pola. Mo\u017ce by\u0107 cz\u0119\u015bci\u0105 ka\u017cdego treningu, niezale\u017cnie od tego, czy mowa o juniorach, czy dru\u017cynach seniorskich. Jego jednym z najwa\u017cniejszych zalet jest <strong>mo\u017cliwo\u015b\u0107 regulacji konta nachylenia<\/strong>.<\/span><\/p>\n<p><span style=\"font-size:12pt;\"> Z jego wykorzystaniem szybko poprawimy technik\u0119 zawodnik\u00f3w, co prze\u0142o\u017cy si\u0119 na lepsz\u0105 gr\u0119. Rebounder pozwala w stosunkowo kr\u00f3tkim czasie udoskonali\u0107 przyj\u0119cie pi\u0142ki, poprawi\u0107 u\u0142o\u017cenie stopy podczas podania i strza\u0142u. Co wi\u0119cej, trening z nim wp\u0142ynie na koordynacj\u0119 ruchow\u0105 oraz umiej\u0119tno\u015b\u0107 ustawiania si\u0119 zawodnika w momencie przyj\u0119cia pi\u0142ki. W dzisiejszej pi\u0142ce no\u017cnej to niezb\u0119dne wyposa\u017cenie ka\u017cdej grupy treningowej.<\/span><\/div>\n<div style=\"text-align:justify;\"><\/div>\n<div style=\"text-align:justify;\"><span style=\"font-size:12pt;\"><strong>Rebounder PRO Y-station marki Yakimasport wyr\u00f3\u017cnia m.in.:<\/strong><\/span><\/div>\n<div style=\"text-align:justify;\"><\/div>\n<div style=\"text-align:justify;\">\n<ul style=\"list-style-type:disc;\">\n<li>\n<p><span style=\"font-size:12pt;\">ponadprzeci\u0119tna trwa\u0142o\u015b\u0107 wynikaj\u0105ca z u\u017cycia wysokogatunkowych materia\u0142\u00f3w;<\/span><\/p>\n<\/li>\n<li>\n<p><span style=\"font-size:12pt;\">maksymalna mobilno\u015b\u0107 \u2014 rebounder jest sk\u0142adany, dzi\u0119ki czemu z \u0142atwo\u015bci\u0105 zmie\u015bci si\u0119 do baga\u017cnika;<\/span><\/p>\n<\/li>\n<li>\n<p><span style=\"font-size:12pt;\">uniwersalno\u015b\u0107 \u2014 sprz\u0119t mo\u017ce by\u0107 wykorzystany w hali, na sztucznej i naturalnej murawie.<\/span><\/p>\n<\/li>\n<li><span style=\"font-size:12pt;\"> Wyposa\u017cony w wzmocnione gumy trzymaj\u0105ce siatk\u0119 oraz grube ramy fi 30 mm<\/span><\/li>\n<\/ul>\n<\/div>\n<div style=\"text-align:justify;\"><span style=\"font-size:12pt;\"><strong>Rebounder ma wymiary 120 x 120 cm.<\/strong><\/span><br \/><span style=\"font-size:12pt;\"> Je\u015bli masz jakiekolwiek pytania \u2014 <a href=\"https:\/\/yakimasport.com\/pl\/kontakt\"><span style=\"text-decoration:underline;\">skontaktuj si\u0119 z nami<\/span><\/a>. Ch\u0119tnie opowiemy o mo\u017cliwo\u015bciach, jakie daje proponowany sprz\u0119t. Zapraszamy.<\/span><\/div>\n<div style=\"text-align:justify;\"><\/div>\n<div style=\"text-align:justify;\"><span style=\"font-family:'Open Sans', sans-serif;font-size:10pt;\"><\/span><\/div>\n<div style=\"text-align:justify;\"><span style=\"font-family:'Open Sans', sans-serif;font-size:10pt;\"><\/span><\/div>\n<div style=\"text-align:justify;\"><span style=\"font-family:'Open Sans', sans-serif;font-size:10pt;\"><br \/><iframe width=\"425\" height=\"350\" src=\"http:\/\/www.youtube.com\/embed\/JiqoYnskcZo\"><\/iframe><br \/><br style=\"font-family:sans-serif;\" \/><\/p>\n<p>\u00a0<br \/><\/span><\/div>\n<p><span style=\"font-family:'Open Sans', sans-serif;font-size:10pt;\"><br \/> <\/span><\/p>\n","protected":false},"excerpt":{"rendered":"<p>YAKIMASPORT<br \/>\nEAN: 5906718236814<\/p>\n","protected":false},"featured_media":2802,"template":"","meta":{"_acf_changed":false},"marka":[],"product_cat":[292,299,367],"product_tag":[],"class_list":{"0":"post-2804","1":"product","2":"type-product","3":"status-publish","4":"has-post-thumbnail","6":"product_cat-football","7":"product_cat-football-training-equipment","8":"product_cat-yakimasport-en","10":"first","11":"instock","12":"taxable","13":"shipping-taxable","14":"purchasable","15":"product-type-simple"},"acf":{"informacje_o_zakupach":"Bezpieczne zakupy, 12 miesi\u0119czna gwarancja!","informacje_o_dostawie_ys":"Szybka realizacja zam\u00f3wienia i dostawa","informacje_o_zwrocie":"14-dniowa mo\u017cliwo\u015b\u0107 zwrotu!"},"_links":{"self":[{"href":"http:\/\/sportyheaven.pl\/en\/wp-json\/wp\/v2\/product\/2804","targetHints":{"allow":["GET"]}}],"collection":[{"href":"http:\/\/sportyheaven.pl\/en\/wp-json\/wp\/v2\/product"}],"about":[{"href":"http:\/\/sportyheaven.pl\/en\/wp-json\/wp\/v2\/types\/product"}],"version-history":[{"count":0,"href":"http:\/\/sportyheaven.pl\/en\/wp-json\/wp\/v2\/product\/2804\/revisions"}],"wp:featuredmedia":[{"embeddable":true,"href":"http:\/\/sportyheaven.pl\/en\/wp-json\/wp\/v2\/media\/2802"}],"wp:attachment":[{"href":"http:\/\/sportyheaven.pl\/en\/wp-json\/wp\/v2\/media?parent=2804"}],"wp:term":[{"taxonomy":"marka","embeddable":true,"href":"http:\/\/sportyheaven.pl\/en\/wp-json\/wp\/v2\/marka?post=2804"},{"taxonomy":"product_cat","embeddable":true,"href":"http:\/\/sportyheaven.pl\/en\/wp-json\/wp\/v2\/product_cat?post=2804"},{"taxonomy":"product_tag","embeddable":true,"href":"http:\/\/sportyheaven.pl\/en\/wp-json\/wp\/v2\/product_tag?post=2804"}],"curies":[{"name":"wp","href":"https:\/\/api.w.org\/{rel}","templated":true}]}}