{"id":2798,"date":"2023-12-13T13:12:07","date_gmt":"2023-12-13T12:12:07","guid":{"rendered":"https:\/\/sportyheaven.pl\/produkty\/rebounder-potrojny-rama-z-siatka\/"},"modified":"2024-02-20T21:59:51","modified_gmt":"2024-02-20T20:59:51","slug":"rebounder-potrojny-rama-z-siatka","status":"publish","type":"product","link":"http:\/\/sportyheaven.pl\/en\/sklep\/rebounder-potrojny-rama-z-siatka\/","title":{"rendered":"Rebounder potr\u00f3jny, rama z siatk\u0105"},"content":{"rendered":"<div style=\"text-align:justify;\"><span style=\"font-family:verdana, geneva;font-size:12pt;\"><strong><span style=\"font-size:18pt;\">Rebounder potr\u00f3jny<\/span><\/p>\n<p>Nowoczesny, a przede wszystkim efektywny trening wymaga odpowiedniego sprz\u0119tu. Ka\u017cda jednostka treningowa powinna by\u0107 maksymalnie anga\u017cuj\u0105ca, a pom\u00f3c w tym mog\u0105 reboundery marki Yakimasport. Proponowany model potr\u00f3jny to sprz\u0119t przeznaczony zar\u00f3wno dla profesjonalist\u00f3w, jak i amator\u00f3w. Pozwoli rozwija\u0107 technik\u0119 zawodnika, tak wa\u017cn\u0105 w dzisiejszej pi\u0142ce no\u017cnej.<\/strong><\/span><\/div>\n<div><\/div>\n<div><span style=\"font-family:verdana, geneva;font-size:12pt;\">Rebounder potr\u00f3jny to sprz\u0119t przeznaczony do treningu bramkarzy oraz zawodnik\u00f3w z pola. Mo\u017ce by\u0107 cz\u0119\u015bci\u0105 ka\u017cdego treningu, niezale\u017cnie od tego, czy mowa o juniorach, czy dru\u017cynach seniorskich. Posiada<strong> trzy \u015bciany<\/strong> do odbijania pi\u0142ek, kt\u00f3re mog\u0105 by\u0107 wykorzystane jednocze\u015bnie daj\u0105 trenerowi znacznie wi\u0119cej mo\u017cliwo\u015bci do przeprowadzenia treningu, kt\u00f3ry ma wy\u0107wiczy\u0107 oraz ulepszy\u0107 oczekiwane zachowanie od zawodnika. <\/p>\n<p>Z jego wykorzystaniem szybko poprawimy technik\u0119 zawodnik\u00f3w, co prze\u0142o\u017cy si\u0119 na lepsz\u0105 gr\u0119. Rebounder pozwala w stosunkowo kr\u00f3tkim czasie udoskonali\u0107 przyj\u0119cie pi\u0142ki, poprawi\u0107 u\u0142o\u017cenie stopy podczas podania i strza\u0142u. Co wi\u0119cej, trening z nim wp\u0142ynie na koordynacj\u0119 ruchow\u0105 oraz umiej\u0119tno\u015b\u0107 ustawiania si\u0119 zawodnika w momencie przyj\u0119cia pi\u0142ki. W dzisiejszej pi\u0142ce no\u017cnej to niezb\u0119dne wyposa\u017cenie ka\u017cdej grupy treningowej.<\/p>\n<p><\/span><\/div>\n<div><\/div>\n<div><span style=\"font-size:12pt;\"><strong><span style=\"font-family:verdana, geneva;\">Rebounder potr\u00f3jny marki Yakimasport wyr\u00f3\u017cnia m.in.:<\/span><\/strong><\/span><\/div>\n<div><\/div>\n<div>\n<ul style=\"list-style-type:disc;\">\n<li><span style=\"font-family:verdana, geneva;font-size:12pt;\">ponadprzeci\u0119tna trwa\u0142o\u015b\u0107 wynikaj\u0105ca z u\u017cycia wysokogatunkowych materia\u0142\u00f3w;<\/span><\/li>\n<li><span style=\"font-family:verdana, geneva;font-size:12pt;\">maksymalna mobilno\u015b\u0107 \u2014 \u0142atwy w transporcie;<\/span><\/li>\n<li><span style=\"font-family:verdana, geneva;font-size:12pt;\">uniwersalno\u015b\u0107 \u2014 sprz\u0119t mo\u017ce by\u0107 wykorzystany w hali, na sztucznej i naturalnej murawie.<\/span><\/li>\n<li><span style=\"font-family:verdana, geneva;font-size:12pt;\">w zestawie \u015bledzie do mocowania reboundera na naturalnej murawie.<\/span><\/li>\n<li><span style=\"font-family:verdana, geneva;font-size:12pt;\">wyposa\u017cony w wzmocnione gumy trzymaj\u0105ce siatk\u0119 oraz grube ramy fi 30 mm.<\/span><\/li>\n<li><span style=\"font-family:verdana, geneva;font-size:12pt;\">rozmiar jednej \u015bciany : 110 cm x 110 cm<\/span><\/li>\n<\/ul>\n<\/div>\n<div><\/div>\n<div><span style=\"font-family:verdana, geneva;font-size:12pt;\">Je\u015bli masz jakiekolwiek pytania \u2014 <a href=\"https:\/\/yakimasport.com\/pl\/kontakt\"><span style=\"text-decoration:underline;\">skontaktuj si\u0119 z nami<\/span><\/a>. Ch\u0119tnie opowiemy o mo\u017cliwo\u015bciach, jakie daje proponowany sprz\u0119t. Zapraszamy.<\/span><\/div>\n<div><span style=\"font-family:verdana, geneva;font-size:12pt;\">Kod produktu: 100190<\/span><\/div><\/p>\n","protected":false},"excerpt":{"rendered":"<p>YAKIMASPORT<br \/>\nEAN: 5903137554857<\/p>\n","protected":false},"featured_media":2796,"template":"","meta":{"_acf_changed":false},"marka":[],"product_cat":[123,74,82],"product_tag":[],"class_list":{"0":"post-2798","1":"product","2":"type-product","3":"status-publish","4":"has-post-thumbnail","6":"product_cat-yakimasport","7":"product_cat-pilka-nozna","8":"product_cat-sprzet-treningowy-pilka-nozna","10":"first","11":"instock","12":"taxable","13":"shipping-taxable","14":"purchasable","15":"product-type-simple"},"acf":[],"_links":{"self":[{"href":"http:\/\/sportyheaven.pl\/en\/wp-json\/wp\/v2\/product\/2798","targetHints":{"allow":["GET"]}}],"collection":[{"href":"http:\/\/sportyheaven.pl\/en\/wp-json\/wp\/v2\/product"}],"about":[{"href":"http:\/\/sportyheaven.pl\/en\/wp-json\/wp\/v2\/types\/product"}],"version-history":[{"count":0,"href":"http:\/\/sportyheaven.pl\/en\/wp-json\/wp\/v2\/product\/2798\/revisions"}],"wp:featuredmedia":[{"embeddable":true,"href":"http:\/\/sportyheaven.pl\/en\/wp-json\/wp\/v2\/media\/2796"}],"wp:attachment":[{"href":"http:\/\/sportyheaven.pl\/en\/wp-json\/wp\/v2\/media?parent=2798"}],"wp:term":[{"taxonomy":"marka","embeddable":true,"href":"http:\/\/sportyheaven.pl\/en\/wp-json\/wp\/v2\/marka?post=2798"},{"taxonomy":"product_cat","embeddable":true,"href":"http:\/\/sportyheaven.pl\/en\/wp-json\/wp\/v2\/product_cat?post=2798"},{"taxonomy":"product_tag","embeddable":true,"href":"http:\/\/sportyheaven.pl\/en\/wp-json\/wp\/v2\/product_tag?post=2798"}],"curies":[{"name":"wp","href":"https:\/\/api.w.org\/{rel}","templated":true}]}}