{"id":2786,"date":"2023-12-13T13:12:05","date_gmt":"2023-12-13T12:12:05","guid":{"rendered":"https:\/\/sportyheaven.pl\/produkty\/soccer-wave-rebounder-scianka-do-odbijania\/"},"modified":"2024-05-13T22:12:09","modified_gmt":"2024-05-13T20:12:09","slug":"soccer-wave-rebounder-scianka-do-odbijania","status":"publish","type":"product","link":"http:\/\/sportyheaven.pl\/en\/sklep\/soccer-wave-rebounder-scianka-do-odbijania\/","title":{"rendered":"Soccer wave, rebounder, \u015bcianka do odbijania"},"content":{"rendered":"<div style=\"text-align:justify;\"><span style=\"font-size:12pt;\"><span style=\"font-size:18pt;\"><strong>Fala i \u015bcianka do odbijania pi\u0142ek (Soccer Wave)<\/strong><\/span><\/p>\n<p> <\/span><\/div>\n<div style=\"text-align:justify;\"><span style=\"font-size:12pt;\">Nowoczesny, a przede wszystkim efektywny trening wymaga odpowiedniego sprz\u0119tu. Ka\u017cda jednostka treningowa powinna by\u0107 maksymalnie anga\u017cuj\u0105ca, a pom\u00f3c w tym mog\u0105 reboundery marki Yakimasport. Proponowany model <strong>Soccer Wave<\/strong> to sprz\u0119t przeznaczony zar\u00f3wno dla profesjonalist\u00f3w, jak i amator\u00f3w. Pozwoli rozwija\u0107 technik\u0119 zawodnika, tak wa\u017cn\u0105 w dzisiejszej pi\u0142ce no\u017cnej.<\/span><\/div>\n<div style=\"text-align:justify;\"><span style=\"font-size:12pt;\">Rebounder, \u015bcianka Soccer Wave to sprz\u0119t przeznaczony do treningu bramkarzy oraz zawodnik\u00f3w z pola. Mo\u017ce by\u0107 cz\u0119\u015bci\u0105 ka\u017cdego treningu, niezale\u017cnie od tego, czy mowa o juniorach, czy dru\u017cynach seniorskich. <\/p>\n<p>Z jego wykorzystaniem szybko poprawimy technik\u0119 zawodnik\u00f3w, co prze\u0142o\u017cy si\u0119 na lepsz\u0105 gr\u0119. Rebounder pozwala w stosunkowo kr\u00f3tkim czasie udoskonali\u0107 przyj\u0119cie pi\u0142ki, poprawi\u0107 u\u0142o\u017cenie stopy podczas podania i strza\u0142u. Co wi\u0119cej, trening z nim wp\u0142ynie na koordynacj\u0119 ruchow\u0105 oraz umiej\u0119tno\u015b\u0107 ustawiania si\u0119 zawodnika w momencie przyj\u0119cia pi\u0142ki. W dzisiejszej pi\u0142ce no\u017cnej to niezb\u0119dne wyposa\u017cenie ka\u017cdej grupy treningowej.<\/p>\n<p><\/span><\/div>\n<div style=\"text-align:justify;\"><\/div>\n<div style=\"text-align:justify;\"><span style=\"font-size:12pt;\"><strong>\u015acianka Soccer Wave marki Yakimasport wyr\u00f3\u017cnia m.in.:<\/strong><\/span><\/div>\n<div style=\"text-align:justify;\"><\/div>\n<div style=\"text-align:justify;\">\n<ul style=\"list-style-type:disc;\">\n<li>\n<p><span style=\"font-size:12pt;\">ponadprzeci\u0119tna trwa\u0142o\u015b\u0107 wynikaj\u0105ca z u\u017cycia wysokogatunkowych materia\u0142\u00f3w;<\/span><\/p>\n<\/li>\n<li>\n<p><span style=\"font-size:12pt;\">uniwersalno\u015b\u0107 \u2014 sprz\u0119t mo\u017ce by\u0107 wykorzystany w hali, na sztucznej i naturalnej murawie.<\/span><\/p>\n<\/li>\n<li><span style=\"font-size:12pt;\">Dwie funkcje: zwraca pi\u0142k\u0119 do zawodnika g\u00f3r\u0105 od strony fali lub do\u0142em, gdy uderzamy pi\u0142k\u0119 w \u015bcian\u0119.<\/span><\/li>\n<\/ul>\n<\/div>\n<div style=\"text-align:justify;\"><span style=\"font-size:12pt;\">Wymiary produktu 112x102x70 cm. Je\u015bli masz jakiekolwiek pytania \u2014 <a href=\"https:\/\/yakimasport.com\/pl\/kontakt\"><span style=\"text-decoration:underline;\">skontaktuj si\u0119 z nami<\/span><\/a>. <\/p>\n<p>Ch\u0119tnie opowiemy o mo\u017cliwo\u015bciach, jakie daje proponowany sprz\u0119t. Zapraszamy.<\/p>\n<p><\/span><\/div>\n<div style=\"text-align:justify;\"><span style=\"font-size:12pt;\"><span style=\"font-family:arial, helvetica, sans-serif;\">Kod produktu: 100200<\/span><\/span><br \/><span style=\"font-size:10pt;\"><\/span><\/div>\n<div style=\"text-align:justify;\"><span style=\"font-size:10pt;\"><br \/><iframe width=\"425\" height=\"350\" src=\"\/\/www.youtube.com\/embed\/VHQbOlSqsUQ\"><\/iframe><br \/><\/span><\/div>\n","protected":false},"excerpt":{"rendered":"<p>YAKIMASPORT<br \/>\nEAN: 5906718236258<\/p>\n","protected":false},"featured_media":5356,"template":"","meta":{"_acf_changed":false},"marka":[],"product_cat":[123,74,82],"product_tag":[],"class_list":{"0":"post-2786","1":"product","2":"type-product","3":"status-publish","4":"has-post-thumbnail","6":"product_cat-yakimasport","7":"product_cat-pilka-nozna","8":"product_cat-sprzet-treningowy-pilka-nozna","10":"first","11":"instock","12":"taxable","13":"shipping-taxable","14":"purchasable","15":"product-type-simple"},"acf":[],"_links":{"self":[{"href":"http:\/\/sportyheaven.pl\/en\/wp-json\/wp\/v2\/product\/2786","targetHints":{"allow":["GET"]}}],"collection":[{"href":"http:\/\/sportyheaven.pl\/en\/wp-json\/wp\/v2\/product"}],"about":[{"href":"http:\/\/sportyheaven.pl\/en\/wp-json\/wp\/v2\/types\/product"}],"version-history":[{"count":0,"href":"http:\/\/sportyheaven.pl\/en\/wp-json\/wp\/v2\/product\/2786\/revisions"}],"wp:featuredmedia":[{"embeddable":true,"href":"http:\/\/sportyheaven.pl\/en\/wp-json\/wp\/v2\/media\/5356"}],"wp:attachment":[{"href":"http:\/\/sportyheaven.pl\/en\/wp-json\/wp\/v2\/media?parent=2786"}],"wp:term":[{"taxonomy":"marka","embeddable":true,"href":"http:\/\/sportyheaven.pl\/en\/wp-json\/wp\/v2\/marka?post=2786"},{"taxonomy":"product_cat","embeddable":true,"href":"http:\/\/sportyheaven.pl\/en\/wp-json\/wp\/v2\/product_cat?post=2786"},{"taxonomy":"product_tag","embeddable":true,"href":"http:\/\/sportyheaven.pl\/en\/wp-json\/wp\/v2\/product_tag?post=2786"}],"curies":[{"name":"wp","href":"https:\/\/api.w.org\/{rel}","templated":true}]}}