{"id":1927,"date":"2023-10-17T15:57:03","date_gmt":"2023-10-17T13:57:03","guid":{"rendered":"https:\/\/sportyheaven.pl\/produkty\/masazer-stoplydek-synca-rei-footcalf-massager\/"},"modified":"2025-04-22T07:50:30","modified_gmt":"2025-04-22T05:50:30","slug":"masazer-stoplydek-synca-rei-footcalf-massager","status":"publish","type":"product","link":"http:\/\/sportyheaven.pl\/en\/sklep\/masazer-stoplydek-synca-rei-footcalf-massager\/","title":{"rendered":"Masa\u017cer st\u00f3p,\u0142ydek Synca Rei &#8211; Foot,Calf Massager"},"content":{"rendered":"<p>SYNCA Rei to gustowny masa\u017cer st\u00f3p i \u0142ydek, kt\u00f3ry komponuje si\u0119 z wystrojem ka\u017cdego salonu.<\/p>\n","protected":false},"excerpt":{"rendered":"<p>SYNCA WELLNESS<\/p>\n","protected":false},"featured_media":1925,"template":"","meta":{"_acf_changed":false},"marka":[150],"product_cat":[54],"product_tag":[],"class_list":{"0":"post-1927","1":"product","2":"type-product","3":"status-publish","4":"has-post-thumbnail","6":"marka-synca-wellness","7":"product_cat-wellness","9":"first","10":"instock","11":"taxable","12":"shipping-taxable","13":"purchasable","14":"product-type-simple"},"acf":[],"_links":{"self":[{"href":"http:\/\/sportyheaven.pl\/en\/wp-json\/wp\/v2\/product\/1927","targetHints":{"allow":["GET"]}}],"collection":[{"href":"http:\/\/sportyheaven.pl\/en\/wp-json\/wp\/v2\/product"}],"about":[{"href":"http:\/\/sportyheaven.pl\/en\/wp-json\/wp\/v2\/types\/product"}],"version-history":[{"count":0,"href":"http:\/\/sportyheaven.pl\/en\/wp-json\/wp\/v2\/product\/1927\/revisions"}],"wp:featuredmedia":[{"embeddable":true,"href":"http:\/\/sportyheaven.pl\/en\/wp-json\/wp\/v2\/media\/1925"}],"wp:attachment":[{"href":"http:\/\/sportyheaven.pl\/en\/wp-json\/wp\/v2\/media?parent=1927"}],"wp:term":[{"taxonomy":"marka","embeddable":true,"href":"http:\/\/sportyheaven.pl\/en\/wp-json\/wp\/v2\/marka?post=1927"},{"taxonomy":"product_cat","embeddable":true,"href":"http:\/\/sportyheaven.pl\/en\/wp-json\/wp\/v2\/product_cat?post=1927"},{"taxonomy":"product_tag","embeddable":true,"href":"http:\/\/sportyheaven.pl\/en\/wp-json\/wp\/v2\/product_tag?post=1927"}],"curies":[{"name":"wp","href":"https:\/\/api.w.org\/{rel}","templated":true}]}}