{"id":1924,"date":"2023-10-17T15:56:58","date_gmt":"2023-10-17T13:56:58","guid":{"rendered":"https:\/\/sportyheaven.pl\/produkty\/masazer-synca-ramion-karku-quzy-szary-shoulder-massager-quzy\/"},"modified":"2025-04-22T07:50:30","modified_gmt":"2025-04-22T05:50:30","slug":"masazer-synca-ramion-karku-quzy-szary-shoulder-massager-quzy","status":"publish","type":"product","link":"http:\/\/sportyheaven.pl\/en\/sklep\/masazer-synca-ramion-karku-quzy-szary-shoulder-massager-quzy\/","title":{"rendered":"Masa\u017cer Synca ramion, karku Quzy (szary) &#8211; Shoulder massager Quzy"},"content":{"rendered":"<p>Bezprzewody masa\u017cer ramion i karku SYNCA QuZy \u0142agodzi spi\u0119cia cia\u0142a oraz uwalnia od b\u00f3lu.<\/p>\n","protected":false},"excerpt":{"rendered":"<p>SYNCA WELLNESS<\/p>\n","protected":false},"featured_media":1922,"template":"","meta":{"_acf_changed":false},"marka":[150],"product_cat":[54],"product_tag":[],"class_list":{"0":"post-1924","1":"product","2":"type-product","3":"status-publish","4":"has-post-thumbnail","6":"marka-synca-wellness","7":"product_cat-wellness","9":"first","10":"instock","11":"taxable","12":"shipping-taxable","13":"purchasable","14":"product-type-simple"},"acf":[],"_links":{"self":[{"href":"http:\/\/sportyheaven.pl\/en\/wp-json\/wp\/v2\/product\/1924","targetHints":{"allow":["GET"]}}],"collection":[{"href":"http:\/\/sportyheaven.pl\/en\/wp-json\/wp\/v2\/product"}],"about":[{"href":"http:\/\/sportyheaven.pl\/en\/wp-json\/wp\/v2\/types\/product"}],"version-history":[{"count":0,"href":"http:\/\/sportyheaven.pl\/en\/wp-json\/wp\/v2\/product\/1924\/revisions"}],"wp:featuredmedia":[{"embeddable":true,"href":"http:\/\/sportyheaven.pl\/en\/wp-json\/wp\/v2\/media\/1922"}],"wp:attachment":[{"href":"http:\/\/sportyheaven.pl\/en\/wp-json\/wp\/v2\/media?parent=1924"}],"wp:term":[{"taxonomy":"marka","embeddable":true,"href":"http:\/\/sportyheaven.pl\/en\/wp-json\/wp\/v2\/marka?post=1924"},{"taxonomy":"product_cat","embeddable":true,"href":"http:\/\/sportyheaven.pl\/en\/wp-json\/wp\/v2\/product_cat?post=1924"},{"taxonomy":"product_tag","embeddable":true,"href":"http:\/\/sportyheaven.pl\/en\/wp-json\/wp\/v2\/product_tag?post=1924"}],"curies":[{"name":"wp","href":"https:\/\/api.w.org\/{rel}","templated":true}]}}