{"id":1918,"date":"2023-10-17T15:56:48","date_gmt":"2023-10-17T13:56:48","guid":{"rendered":"https:\/\/sportyheaven.pl\/produkty\/urzadzenie-do-masazu-synca-kitta-muscle-percussion-gun\/"},"modified":"2025-04-22T07:48:07","modified_gmt":"2025-04-22T05:48:07","slug":"urzadzenie-do-masazu-synca-kitta-muscle-percussion-gun","status":"publish","type":"product","link":"http:\/\/sportyheaven.pl\/en\/sklep\/urzadzenie-do-masazu-synca-kitta-muscle-percussion-gun\/","title":{"rendered":"Urz\u0105dzenie do masa\u017cu Synca Kitta \/ Muscle Percussion Gun"},"content":{"rendered":"<p>Pistoletem KiTTa rozmasujesz skutecznie cia\u0142o masa\u017cem z pr\u0119dko\u015bci\u0105 do 3000 uderze\u0144 na minut\u0119.<\/p>\n","protected":false},"excerpt":{"rendered":"<p>SYNCA WELLNESS<\/p>\n","protected":false},"featured_media":1916,"template":"","meta":{"_acf_changed":false},"marka":[150],"product_cat":[337],"product_tag":[],"class_list":{"0":"post-1918","1":"product","2":"type-product","3":"status-publish","4":"has-post-thumbnail","6":"marka-synca-wellness","7":"product_cat-wellness-en","9":"first","10":"instock","11":"taxable","12":"shipping-taxable","13":"purchasable","14":"product-type-simple"},"acf":[],"_links":{"self":[{"href":"http:\/\/sportyheaven.pl\/en\/wp-json\/wp\/v2\/product\/1918","targetHints":{"allow":["GET"]}}],"collection":[{"href":"http:\/\/sportyheaven.pl\/en\/wp-json\/wp\/v2\/product"}],"about":[{"href":"http:\/\/sportyheaven.pl\/en\/wp-json\/wp\/v2\/types\/product"}],"version-history":[{"count":0,"href":"http:\/\/sportyheaven.pl\/en\/wp-json\/wp\/v2\/product\/1918\/revisions"}],"wp:featuredmedia":[{"embeddable":true,"href":"http:\/\/sportyheaven.pl\/en\/wp-json\/wp\/v2\/media\/1916"}],"wp:attachment":[{"href":"http:\/\/sportyheaven.pl\/en\/wp-json\/wp\/v2\/media?parent=1918"}],"wp:term":[{"taxonomy":"marka","embeddable":true,"href":"http:\/\/sportyheaven.pl\/en\/wp-json\/wp\/v2\/marka?post=1918"},{"taxonomy":"product_cat","embeddable":true,"href":"http:\/\/sportyheaven.pl\/en\/wp-json\/wp\/v2\/product_cat?post=1918"},{"taxonomy":"product_tag","embeddable":true,"href":"http:\/\/sportyheaven.pl\/en\/wp-json\/wp\/v2\/product_tag?post=1918"}],"curies":[{"name":"wp","href":"https:\/\/api.w.org\/{rel}","templated":true}]}}