{"id":1915,"date":"2023-10-17T15:56:44","date_gmt":"2023-10-17T13:56:44","guid":{"rendered":"https:\/\/sportyheaven.pl\/produkty\/fotel-do-masazu-kagra-kosc-sloniowa-massage-chair-kagra-ivory\/"},"modified":"2025-04-22T07:48:07","modified_gmt":"2025-04-22T05:48:07","slug":"fotel-do-masazu-kagra-kosc-sloniowa-massage-chair-kagra-ivory","status":"publish","type":"product","link":"http:\/\/sportyheaven.pl\/en\/sklep\/fotel-do-masazu-kagra-kosc-sloniowa-massage-chair-kagra-ivory\/","title":{"rendered":"Fotel do masa\u017cu Kagra &#8211; ko\u015b\u0107 s\u0142oniowa \/ Massage Chair Kagra &#8211; Ivory"},"content":{"rendered":"<p>Fotel SYNCA KaGra posiada 7 technik masa\u017cu relaksacyjnego w kilku programach u\u017cytkownika.<\/p>\n","protected":false},"excerpt":{"rendered":"<p>SYNCA WELLNESS<\/p>\n","protected":false},"featured_media":1913,"template":"","meta":{"_acf_changed":false},"marka":[150],"product_cat":[337],"product_tag":[],"class_list":{"0":"post-1915","1":"product","2":"type-product","3":"status-publish","4":"has-post-thumbnail","6":"marka-synca-wellness","7":"product_cat-wellness-en","9":"first","10":"instock","11":"taxable","12":"shipping-taxable","13":"purchasable","14":"product-type-simple"},"acf":{"inforacje_o_dostawie":"Darmowa standardowa dostawa kurierska","informacje_o_gwarancji":"Gwarancja domowa 3 lata Door - to - Door","informacja_o_serwisie":"Autoryzowany serwis producenta na terenie Polski","informacja_o_finansowaniu":"Mo\u017cliwo\u015b\u0107 zakupu w systemie ratalnym"},"_links":{"self":[{"href":"http:\/\/sportyheaven.pl\/en\/wp-json\/wp\/v2\/product\/1915","targetHints":{"allow":["GET"]}}],"collection":[{"href":"http:\/\/sportyheaven.pl\/en\/wp-json\/wp\/v2\/product"}],"about":[{"href":"http:\/\/sportyheaven.pl\/en\/wp-json\/wp\/v2\/types\/product"}],"version-history":[{"count":0,"href":"http:\/\/sportyheaven.pl\/en\/wp-json\/wp\/v2\/product\/1915\/revisions"}],"wp:featuredmedia":[{"embeddable":true,"href":"http:\/\/sportyheaven.pl\/en\/wp-json\/wp\/v2\/media\/1913"}],"wp:attachment":[{"href":"http:\/\/sportyheaven.pl\/en\/wp-json\/wp\/v2\/media?parent=1915"}],"wp:term":[{"taxonomy":"marka","embeddable":true,"href":"http:\/\/sportyheaven.pl\/en\/wp-json\/wp\/v2\/marka?post=1915"},{"taxonomy":"product_cat","embeddable":true,"href":"http:\/\/sportyheaven.pl\/en\/wp-json\/wp\/v2\/product_cat?post=1915"},{"taxonomy":"product_tag","embeddable":true,"href":"http:\/\/sportyheaven.pl\/en\/wp-json\/wp\/v2\/product_tag?post=1915"}],"curies":[{"name":"wp","href":"https:\/\/api.w.org\/{rel}","templated":true}]}}