{"id":1903,"date":"2023-10-17T15:56:31","date_gmt":"2023-10-17T13:56:31","guid":{"rendered":"https:\/\/sportyheaven.pl\/produkty\/fotel-do-masazu-hisho-czarny-massage-chair-hisho-black\/"},"modified":"2025-04-22T07:44:44","modified_gmt":"2025-04-22T05:44:44","slug":"fotel-do-masazu-hisho-czarny-massage-chair-hisho-black","status":"publish","type":"product","link":"http:\/\/sportyheaven.pl\/en\/sklep\/fotel-do-masazu-hisho-czarny-massage-chair-hisho-black\/","title":{"rendered":"Fotel do masa\u017cu Hisho &#8211; czarny \/ Massage Chair Hisho &#8211; Black"},"content":{"rendered":"<p>W SYNCA Hisho masz do wyboru 6 technik masa\u017cu, aby zapewni\u0107 terapeutyczny masa\u017c od szyi po po\u015bladki.<\/p>\n","protected":false},"excerpt":{"rendered":"<p>SYNCA WELLNESS<\/p>\n","protected":false},"featured_media":1901,"template":"","meta":{"_acf_changed":false},"marka":[150],"product_cat":[337],"product_tag":[],"class_list":{"0":"post-1903","1":"product","2":"type-product","3":"status-publish","4":"has-post-thumbnail","6":"marka-synca-wellness","7":"product_cat-wellness-en","9":"first","10":"instock","11":"taxable","12":"shipping-taxable","13":"purchasable","14":"product-type-simple"},"acf":[],"_links":{"self":[{"href":"http:\/\/sportyheaven.pl\/en\/wp-json\/wp\/v2\/product\/1903","targetHints":{"allow":["GET"]}}],"collection":[{"href":"http:\/\/sportyheaven.pl\/en\/wp-json\/wp\/v2\/product"}],"about":[{"href":"http:\/\/sportyheaven.pl\/en\/wp-json\/wp\/v2\/types\/product"}],"version-history":[{"count":0,"href":"http:\/\/sportyheaven.pl\/en\/wp-json\/wp\/v2\/product\/1903\/revisions"}],"wp:featuredmedia":[{"embeddable":true,"href":"http:\/\/sportyheaven.pl\/en\/wp-json\/wp\/v2\/media\/1901"}],"wp:attachment":[{"href":"http:\/\/sportyheaven.pl\/en\/wp-json\/wp\/v2\/media?parent=1903"}],"wp:term":[{"taxonomy":"marka","embeddable":true,"href":"http:\/\/sportyheaven.pl\/en\/wp-json\/wp\/v2\/marka?post=1903"},{"taxonomy":"product_cat","embeddable":true,"href":"http:\/\/sportyheaven.pl\/en\/wp-json\/wp\/v2\/product_cat?post=1903"},{"taxonomy":"product_tag","embeddable":true,"href":"http:\/\/sportyheaven.pl\/en\/wp-json\/wp\/v2\/product_tag?post=1903"}],"curies":[{"name":"wp","href":"https:\/\/api.w.org\/{rel}","templated":true}]}}