{"id":1888,"date":"2023-10-17T15:56:18","date_gmt":"2023-10-17T13:56:18","guid":{"rendered":"https:\/\/sportyheaven.pl\/produkty\/fotel-do-masazu-circ-plus-bezowy-massage-chair-circ-plus-beige\/"},"modified":"2025-04-22T07:39:13","modified_gmt":"2025-04-22T05:39:13","slug":"fotel-do-masazu-circ-plus-bezowy-massage-chair-circ-plus-beige","status":"publish","type":"product","link":"http:\/\/sportyheaven.pl\/en\/sklep\/fotel-do-masazu-circ-plus-bezowy-massage-chair-circ-plus-beige\/","title":{"rendered":"Fotel do masa\u017cu CirC Plus &#8211; be\u017cowy \/ Massage Chair CirC Plus &#8211; Beige"},"content":{"rendered":"<p>CirC+ wykorzystuje japo\u0144ski styl projektowania Shibui w efekcie powsta\u0142 dopracowany fotel masuj\u0105cy<\/p>\n","protected":false},"excerpt":{"rendered":"<p>SYNCA WELLNESS<\/p>\n","protected":false},"featured_media":1886,"template":"","meta":{"_acf_changed":false},"marka":[150],"product_cat":[337],"product_tag":[],"class_list":{"0":"post-1888","1":"product","2":"type-product","3":"status-publish","4":"has-post-thumbnail","6":"marka-synca-wellness","7":"product_cat-wellness-en","9":"first","10":"instock","11":"taxable","12":"shipping-taxable","13":"purchasable","14":"product-type-simple"},"acf":{"inforacje_o_dostawie":"Darmowa standardowa dostawa kurierska","informacje_o_gwarancji":"Gwarancja domowa 3 lata Door - to - Door","informacja_o_serwisie":"Autoryzowany serwis producenta na terenie Polski","informacja_o_finansowaniu":"Mo\u017cliwo\u015b\u0107 zakupu w systemie ratalnym"},"_links":{"self":[{"href":"http:\/\/sportyheaven.pl\/en\/wp-json\/wp\/v2\/product\/1888","targetHints":{"allow":["GET"]}}],"collection":[{"href":"http:\/\/sportyheaven.pl\/en\/wp-json\/wp\/v2\/product"}],"about":[{"href":"http:\/\/sportyheaven.pl\/en\/wp-json\/wp\/v2\/types\/product"}],"version-history":[{"count":0,"href":"http:\/\/sportyheaven.pl\/en\/wp-json\/wp\/v2\/product\/1888\/revisions"}],"wp:featuredmedia":[{"embeddable":true,"href":"http:\/\/sportyheaven.pl\/en\/wp-json\/wp\/v2\/media\/1886"}],"wp:attachment":[{"href":"http:\/\/sportyheaven.pl\/en\/wp-json\/wp\/v2\/media?parent=1888"}],"wp:term":[{"taxonomy":"marka","embeddable":true,"href":"http:\/\/sportyheaven.pl\/en\/wp-json\/wp\/v2\/marka?post=1888"},{"taxonomy":"product_cat","embeddable":true,"href":"http:\/\/sportyheaven.pl\/en\/wp-json\/wp\/v2\/product_cat?post=1888"},{"taxonomy":"product_tag","embeddable":true,"href":"http:\/\/sportyheaven.pl\/en\/wp-json\/wp\/v2\/product_tag?post=1888"}],"curies":[{"name":"wp","href":"https:\/\/api.w.org\/{rel}","templated":true}]}}