{"id":1837,"date":"2023-10-17T15:55:24","date_gmt":"2023-10-17T13:55:24","guid":{"rendered":"https:\/\/sportyheaven.pl\/produkty\/matrix-ergometr-wioslarski-mx16\/"},"modified":"2025-04-22T07:28:03","modified_gmt":"2025-04-22T05:28:03","slug":"matrix-ergometr-wioslarski-mx16","status":"publish","type":"product","link":"http:\/\/sportyheaven.pl\/en\/sklep\/matrix-ergometr-wioslarski-mx16\/","title":{"rendered":"Matrix Ergometr wio\u015blarski MX16"},"content":{"rendered":"<p>Ergometr wio\u015blarski z konsol\u0105 zapewniaj\u0105ca pe\u0142ne informacje zwrotne dotycz\u0105ce odbywanego treningu.<\/p>\n","protected":false},"excerpt":{"rendered":"<p>MATRIX<\/p>\n","protected":false},"featured_media":1835,"template":"","meta":{"_acf_changed":false},"marka":[149],"product_cat":[51,71],"product_tag":[],"class_list":{"0":"post-1837","1":"product","2":"type-product","3":"status-publish","4":"has-post-thumbnail","6":"marka-matrix","7":"product_cat-matrix-home-fitness","8":"product_cat-trenazery","10":"first","11":"instock","12":"taxable","13":"shipping-taxable","14":"purchasable","15":"product-type-simple"},"acf":[],"_links":{"self":[{"href":"http:\/\/sportyheaven.pl\/en\/wp-json\/wp\/v2\/product\/1837","targetHints":{"allow":["GET"]}}],"collection":[{"href":"http:\/\/sportyheaven.pl\/en\/wp-json\/wp\/v2\/product"}],"about":[{"href":"http:\/\/sportyheaven.pl\/en\/wp-json\/wp\/v2\/types\/product"}],"version-history":[{"count":0,"href":"http:\/\/sportyheaven.pl\/en\/wp-json\/wp\/v2\/product\/1837\/revisions"}],"wp:featuredmedia":[{"embeddable":true,"href":"http:\/\/sportyheaven.pl\/en\/wp-json\/wp\/v2\/media\/1835"}],"wp:attachment":[{"href":"http:\/\/sportyheaven.pl\/en\/wp-json\/wp\/v2\/media?parent=1837"}],"wp:term":[{"taxonomy":"marka","embeddable":true,"href":"http:\/\/sportyheaven.pl\/en\/wp-json\/wp\/v2\/marka?post=1837"},{"taxonomy":"product_cat","embeddable":true,"href":"http:\/\/sportyheaven.pl\/en\/wp-json\/wp\/v2\/product_cat?post=1837"},{"taxonomy":"product_tag","embeddable":true,"href":"http:\/\/sportyheaven.pl\/en\/wp-json\/wp\/v2\/product_tag?post=1837"}],"curies":[{"name":"wp","href":"https:\/\/api.w.org\/{rel}","templated":true}]}}