{"id":1818,"date":"2023-10-17T15:55:06","date_gmt":"2023-10-17T13:55:06","guid":{"rendered":"https:\/\/sportyheaven.pl\/produkty\/matrix-e-50-02-f-frame\/"},"modified":"2024-10-22T14:09:12","modified_gmt":"2024-10-22T12:09:12","slug":"matrix-e-50-02-f-frame","status":"publish","type":"product","link":"http:\/\/sportyheaven.pl\/en\/sklep\/matrix-e-50-02-f-frame\/","title":{"rendered":"Matrix E-50-02-F Frame"},"content":{"rendered":"<p>MEP1793-02<\/p>\n","protected":false},"excerpt":{"rendered":"<p>MEP1793-02<\/p>\n","protected":false},"featured_media":0,"template":"","meta":{"_acf_changed":false},"marka":[149],"product_cat":[335],"product_tag":[],"class_list":{"0":"post-1818","1":"product","2":"type-product","3":"status-publish","5":"marka-matrix","6":"product_cat-training-systems","8":"first","9":"outofstock","10":"taxable","11":"shipping-taxable","12":"product-type-simple"},"acf":{"inforacje_o_dostawie":"Darmowa standardowa dostawa kurierska","informacje_o_gwarancji":"Gwarancja domowa 3 lata Door - to - Door","informacja_o_serwisie":"Autoryzowany serwis producenta na terenie Polski","informacja_o_finansowaniu":"Mo\u017cliwo\u015b\u0107 zakupu w systemie ratalnym"},"_links":{"self":[{"href":"http:\/\/sportyheaven.pl\/en\/wp-json\/wp\/v2\/product\/1818","targetHints":{"allow":["GET"]}}],"collection":[{"href":"http:\/\/sportyheaven.pl\/en\/wp-json\/wp\/v2\/product"}],"about":[{"href":"http:\/\/sportyheaven.pl\/en\/wp-json\/wp\/v2\/types\/product"}],"version-history":[{"count":0,"href":"http:\/\/sportyheaven.pl\/en\/wp-json\/wp\/v2\/product\/1818\/revisions"}],"wp:attachment":[{"href":"http:\/\/sportyheaven.pl\/en\/wp-json\/wp\/v2\/media?parent=1818"}],"wp:term":[{"taxonomy":"marka","embeddable":true,"href":"http:\/\/sportyheaven.pl\/en\/wp-json\/wp\/v2\/marka?post=1818"},{"taxonomy":"product_cat","embeddable":true,"href":"http:\/\/sportyheaven.pl\/en\/wp-json\/wp\/v2\/product_cat?post=1818"},{"taxonomy":"product_tag","embeddable":true,"href":"http:\/\/sportyheaven.pl\/en\/wp-json\/wp\/v2\/product_tag?post=1818"}],"curies":[{"name":"wp","href":"https:\/\/api.w.org\/{rel}","templated":true}]}}