{"id":1802,"date":"2023-10-17T15:54:50","date_gmt":"2023-10-17T13:54:50","guid":{"rendered":"https:\/\/sportyheaven.pl\/produkty\/matrix-indoor-cycle-cxp-wifi\/"},"modified":"2025-04-22T07:19:30","modified_gmt":"2025-04-22T05:19:30","slug":"matrix-indoor-cycle-cxp-wifi","status":"publish","type":"product","link":"http:\/\/sportyheaven.pl\/en\/sklep\/matrix-indoor-cycle-cxp-wifi\/","title":{"rendered":"Matrix Indoor Cycle CXP WIFI"},"content":{"rendered":"<p>Rower treningowy CXP z wy\u015bwietlaczem u\u0142atwiaj\u0105cym bie\u017cace monitorowanie efektywno\u015bci \u0107wicze\u0144<\/p>\n","protected":false},"excerpt":{"rendered":"<p>MATRIX<\/p>\n","protected":false},"featured_media":1800,"template":"","meta":{"_acf_changed":false},"marka":[149],"product_cat":[331,332],"product_tag":[],"class_list":{"0":"post-1802","1":"product","2":"type-product","3":"status-publish","4":"has-post-thumbnail","6":"marka-matrix","7":"product_cat-matrix-home-fitness-en","8":"product_cat-stationary-bikes","10":"first","11":"outofstock","12":"taxable","13":"shipping-taxable","14":"purchasable","15":"product-type-simple"},"acf":{"inforacje_o_dostawie":"Darmowa standardowa dostawa kurierska","informacje_o_gwarancji":"Gwarancja domowa 3 lata Door - to - Door","informacja_o_serwisie":"Autoryzowany serwis producenta na terenie Polski","informacja_o_finansowaniu":"Mo\u017cliwo\u015b\u0107 zakupu w systemie ratalnym"},"_links":{"self":[{"href":"http:\/\/sportyheaven.pl\/en\/wp-json\/wp\/v2\/product\/1802","targetHints":{"allow":["GET"]}}],"collection":[{"href":"http:\/\/sportyheaven.pl\/en\/wp-json\/wp\/v2\/product"}],"about":[{"href":"http:\/\/sportyheaven.pl\/en\/wp-json\/wp\/v2\/types\/product"}],"version-history":[{"count":0,"href":"http:\/\/sportyheaven.pl\/en\/wp-json\/wp\/v2\/product\/1802\/revisions"}],"wp:featuredmedia":[{"embeddable":true,"href":"http:\/\/sportyheaven.pl\/en\/wp-json\/wp\/v2\/media\/1800"}],"wp:attachment":[{"href":"http:\/\/sportyheaven.pl\/en\/wp-json\/wp\/v2\/media?parent=1802"}],"wp:term":[{"taxonomy":"marka","embeddable":true,"href":"http:\/\/sportyheaven.pl\/en\/wp-json\/wp\/v2\/marka?post=1802"},{"taxonomy":"product_cat","embeddable":true,"href":"http:\/\/sportyheaven.pl\/en\/wp-json\/wp\/v2\/product_cat?post=1802"},{"taxonomy":"product_tag","embeddable":true,"href":"http:\/\/sportyheaven.pl\/en\/wp-json\/wp\/v2\/product_tag?post=1802"}],"curies":[{"name":"wp","href":"https:\/\/api.w.org\/{rel}","templated":true}]}}