{"id":1796,"date":"2023-10-17T15:54:41","date_gmt":"2023-10-17T13:54:41","guid":{"rendered":"https:\/\/sportyheaven.pl\/produkty\/matrix-cxc-konsola-basic\/"},"modified":"2025-04-22T07:18:36","modified_gmt":"2025-04-22T05:18:36","slug":"matrix-cxc-konsola-basic","status":"publish","type":"product","link":"http:\/\/sportyheaven.pl\/en\/sklep\/matrix-cxc-konsola-basic\/","title":{"rendered":"Matrix CXC Konsola Basic"},"content":{"rendered":"<p>Bezprzewodowa konsola LCD wy\u015bwietlaj\u0105ca niezb\u0119dne parametry, kompatybilna z rowerem CXC<\/p>\n","protected":false},"excerpt":{"rendered":"<p>MATRIX<\/p>\n","protected":false},"featured_media":1794,"template":"","meta":{"_acf_changed":false},"marka":[149],"product_cat":[325,329],"product_tag":[],"class_list":{"0":"post-1796","1":"product","2":"type-product","3":"status-publish","4":"has-post-thumbnail","6":"marka-matrix","7":"product_cat-fitness-accessories","8":"product_cat-home-fitness-en","10":"first","11":"outofstock","12":"taxable","13":"shipping-taxable","14":"purchasable","15":"product-type-simple"},"acf":[],"_links":{"self":[{"href":"http:\/\/sportyheaven.pl\/en\/wp-json\/wp\/v2\/product\/1796","targetHints":{"allow":["GET"]}}],"collection":[{"href":"http:\/\/sportyheaven.pl\/en\/wp-json\/wp\/v2\/product"}],"about":[{"href":"http:\/\/sportyheaven.pl\/en\/wp-json\/wp\/v2\/types\/product"}],"version-history":[{"count":0,"href":"http:\/\/sportyheaven.pl\/en\/wp-json\/wp\/v2\/product\/1796\/revisions"}],"wp:featuredmedia":[{"embeddable":true,"href":"http:\/\/sportyheaven.pl\/en\/wp-json\/wp\/v2\/media\/1794"}],"wp:attachment":[{"href":"http:\/\/sportyheaven.pl\/en\/wp-json\/wp\/v2\/media?parent=1796"}],"wp:term":[{"taxonomy":"marka","embeddable":true,"href":"http:\/\/sportyheaven.pl\/en\/wp-json\/wp\/v2\/marka?post=1796"},{"taxonomy":"product_cat","embeddable":true,"href":"http:\/\/sportyheaven.pl\/en\/wp-json\/wp\/v2\/product_cat?post=1796"},{"taxonomy":"product_tag","embeddable":true,"href":"http:\/\/sportyheaven.pl\/en\/wp-json\/wp\/v2\/product_tag?post=1796"}],"curies":[{"name":"wp","href":"https:\/\/api.w.org\/{rel}","templated":true}]}}