{"id":1779,"date":"2023-10-17T15:54:24","date_gmt":"2023-10-17T13:54:24","guid":{"rendered":"https:\/\/sportyheaven.pl\/produkty\/mx-trenazer-eliptyczny-ascent-trainer-a50-xr-04\/"},"modified":"2025-04-22T07:11:53","modified_gmt":"2025-04-22T05:11:53","slug":"mx-trenazer-eliptyczny-ascent-trainer-a50-xr-04","status":"publish","type":"product","link":"http:\/\/sportyheaven.pl\/en\/sklep\/mx-trenazer-eliptyczny-ascent-trainer-a50-xr-04\/","title":{"rendered":"MX Trena\u017cer eliptyczny &#8211; Ascent Trainer A50 XR-04"},"content":{"rendered":"<p>2 kartony<\/p>\n","protected":false},"excerpt":{"rendered":"<p>MATRIX<\/p>\n","protected":false},"featured_media":0,"template":"","meta":{"_acf_changed":false},"marka":[149],"product_cat":[328,329],"product_tag":[],"class_list":{"0":"post-1779","1":"product","2":"type-product","3":"status-publish","5":"marka-matrix","6":"product_cat-elliptics","7":"product_cat-home-fitness-en","9":"first","10":"outofstock","11":"taxable","12":"shipping-taxable","13":"purchasable","14":"product-type-simple"},"acf":{"inforacje_o_dostawie":"Darmowa standardowa dostawa kurierska","informacje_o_gwarancji":"Gwarancja domowa 3 lata Door - to - Door","informacja_o_serwisie":"Autoryzowany serwis producenta na terenie Polski","informacja_o_finansowaniu":"Mo\u017cliwo\u015b\u0107 zakupu w systemie ratalnym"},"_links":{"self":[{"href":"http:\/\/sportyheaven.pl\/en\/wp-json\/wp\/v2\/product\/1779","targetHints":{"allow":["GET"]}}],"collection":[{"href":"http:\/\/sportyheaven.pl\/en\/wp-json\/wp\/v2\/product"}],"about":[{"href":"http:\/\/sportyheaven.pl\/en\/wp-json\/wp\/v2\/types\/product"}],"version-history":[{"count":0,"href":"http:\/\/sportyheaven.pl\/en\/wp-json\/wp\/v2\/product\/1779\/revisions"}],"wp:attachment":[{"href":"http:\/\/sportyheaven.pl\/en\/wp-json\/wp\/v2\/media?parent=1779"}],"wp:term":[{"taxonomy":"marka","embeddable":true,"href":"http:\/\/sportyheaven.pl\/en\/wp-json\/wp\/v2\/marka?post=1779"},{"taxonomy":"product_cat","embeddable":true,"href":"http:\/\/sportyheaven.pl\/en\/wp-json\/wp\/v2\/product_cat?post=1779"},{"taxonomy":"product_tag","embeddable":true,"href":"http:\/\/sportyheaven.pl\/en\/wp-json\/wp\/v2\/product_tag?post=1779"}],"curies":[{"name":"wp","href":"https:\/\/api.w.org\/{rel}","templated":true}]}}