{"id":1763,"date":"2023-10-17T15:54:12","date_gmt":"2023-10-17T13:54:12","guid":{"rendered":"https:\/\/sportyheaven.pl\/produkty\/trenazer-eliptyczny-horizon-syros-2-0\/"},"modified":"2025-04-22T06:59:08","modified_gmt":"2025-04-22T04:59:08","slug":"trenazer-eliptyczny-horizon-syros-2-0","status":"publish","type":"product","link":"http:\/\/sportyheaven.pl\/en\/sklep\/trenazer-eliptyczny-horizon-syros-2-0\/","title":{"rendered":"Trena\u017cer eliptyczny Horizon SYROS 2.0"},"content":{"rendered":"<p>Orbitrek z tylnym nap\u0119dem i magnetycznym systemem hamowania dla u\u017cytkownika domowego.<\/p>\n","protected":false},"excerpt":{"rendered":"<p>HORIZON FITNESS<\/p>\n","protected":false},"featured_media":0,"template":"","meta":{"_acf_changed":false},"marka":[146],"product_cat":[68,49],"product_tag":[],"class_list":{"0":"post-1763","1":"product","2":"type-product","3":"status-publish","5":"marka-horizon-fitness","6":"product_cat-eliptyki","7":"product_cat-home-fitness","9":"first","10":"instock","11":"taxable","12":"shipping-taxable","13":"purchasable","14":"product-type-simple"},"acf":[],"_links":{"self":[{"href":"http:\/\/sportyheaven.pl\/en\/wp-json\/wp\/v2\/product\/1763","targetHints":{"allow":["GET"]}}],"collection":[{"href":"http:\/\/sportyheaven.pl\/en\/wp-json\/wp\/v2\/product"}],"about":[{"href":"http:\/\/sportyheaven.pl\/en\/wp-json\/wp\/v2\/types\/product"}],"version-history":[{"count":0,"href":"http:\/\/sportyheaven.pl\/en\/wp-json\/wp\/v2\/product\/1763\/revisions"}],"wp:attachment":[{"href":"http:\/\/sportyheaven.pl\/en\/wp-json\/wp\/v2\/media?parent=1763"}],"wp:term":[{"taxonomy":"marka","embeddable":true,"href":"http:\/\/sportyheaven.pl\/en\/wp-json\/wp\/v2\/marka?post=1763"},{"taxonomy":"product_cat","embeddable":true,"href":"http:\/\/sportyheaven.pl\/en\/wp-json\/wp\/v2\/product_cat?post=1763"},{"taxonomy":"product_tag","embeddable":true,"href":"http:\/\/sportyheaven.pl\/en\/wp-json\/wp\/v2\/product_tag?post=1763"}],"curies":[{"name":"wp","href":"https:\/\/api.w.org\/{rel}","templated":true}]}}