{"id":1724,"date":"2023-10-17T15:53:43","date_gmt":"2023-10-17T13:53:43","guid":{"rendered":"https:\/\/sportyheaven.pl\/produkty\/stojak-horizon-adonis-rack-do-lawki\/"},"modified":"2024-07-05T02:34:30","modified_gmt":"2024-07-05T00:34:30","slug":"stojak-horizon-adonis-rack-do-lawki","status":"publish","type":"product","link":"http:\/\/sportyheaven.pl\/en\/sklep\/stojak-horizon-adonis-rack-do-lawki\/","title":{"rendered":"Stojak Horizon Adonis Rack do \u0142awki"},"content":{"rendered":"<p>Stojak do \u0142awki uniwersalnej Horizon Adonis <\/p>\n","protected":false},"excerpt":{"rendered":"<p>HORIZON FITNESS<\/p>\n","protected":false},"featured_media":0,"template":"","meta":{"_acf_changed":false},"marka":[146],"product_cat":[49,70],"product_tag":[],"class_list":{"0":"post-1724","1":"product","2":"type-product","3":"status-publish","5":"marka-horizon-fitness","6":"product_cat-home-fitness","7":"product_cat-systemy-treningowe","9":"first","10":"outofstock","11":"taxable","12":"shipping-taxable","13":"product-type-simple"},"acf":{"inforacje_o_dostawie":"Darmowa standardowa dostawa kurierska","informacje_o_gwarancji":"Gwarancja domowa 3 lata Door - to - Door","informacja_o_serwisie":"Autoryzowany serwis producenta na terenie Polski","informacja_o_finansowaniu":"Mo\u017cliwo\u015b\u0107 zakupu w systemie ratalnym"},"_links":{"self":[{"href":"http:\/\/sportyheaven.pl\/en\/wp-json\/wp\/v2\/product\/1724","targetHints":{"allow":["GET"]}}],"collection":[{"href":"http:\/\/sportyheaven.pl\/en\/wp-json\/wp\/v2\/product"}],"about":[{"href":"http:\/\/sportyheaven.pl\/en\/wp-json\/wp\/v2\/types\/product"}],"version-history":[{"count":0,"href":"http:\/\/sportyheaven.pl\/en\/wp-json\/wp\/v2\/product\/1724\/revisions"}],"wp:attachment":[{"href":"http:\/\/sportyheaven.pl\/en\/wp-json\/wp\/v2\/media?parent=1724"}],"wp:term":[{"taxonomy":"marka","embeddable":true,"href":"http:\/\/sportyheaven.pl\/en\/wp-json\/wp\/v2\/marka?post=1724"},{"taxonomy":"product_cat","embeddable":true,"href":"http:\/\/sportyheaven.pl\/en\/wp-json\/wp\/v2\/product_cat?post=1724"},{"taxonomy":"product_tag","embeddable":true,"href":"http:\/\/sportyheaven.pl\/en\/wp-json\/wp\/v2\/product_tag?post=1724"}],"curies":[{"name":"wp","href":"https:\/\/api.w.org\/{rel}","templated":true}]}}